{"id":13326,"date":"2026-03-03T11:08:05","date_gmt":"2026-03-03T16:08:05","guid":{"rendered":"https:\/\/innovationcanine.webici.ca\/?page_id=13326"},"modified":"2026-03-06T11:52:55","modified_gmt":"2026-03-06T16:52:55","slug":"toilettage-et-soins-corporels","status":"publish","type":"page","link":"https:\/\/innovationcanine.webici.ca\/en\/toilettage-et-soins-corporels\/","title":{"rendered":"Grooming and body care"},"content":{"rendered":"<section class=\"bde-section-13326-100 bde-section\">\n              \n  \n  \n\t\n\n  <div class=\"section-background-overlay\"><\/div>\n\n\n<div class=\"section-container\"><div class=\"bde-columns-13326-101 bde-columns\"><div class=\"bde-column-13326-102 bde-column\">\n  \n  \n\t\n\n\n\n<div class=\"bde-div-13326-103 bde-div\">\n  \n  \n\t\n\n\n\n<div class=\"bde-div-13326-104 bde-div\">\n  \n  \n\t\n\n\n\n<div class=\"bde-div-13326-105 bde-div\">\n  \n  \n\t\n\n\n\n<h1 class=\"bde-heading-13326-106 bde-heading\" data-entrance=\"slideRight\">\nGrooming and body care\n<\/h1>\n<\/div><h3 class=\"bde-heading-13326-107 bde-heading\" data-entrance=\"slideRight\">\nDes soins r\u00e9alis\u00e9s avec respect et expertise.\n<\/h3>\n<\/div><div class=\"bde-button-13326-108 bde-button\" data-entrance=\"slideUp\">\n    \n                        \n                        \n    \n    \n    \n    \n            \n                    \n            \n            \n\n    \n    \n    \n    \n    \n    <a class=\"breakdance-link button-atom button-atom--primary bde-button__button\" href=\"#nous-joindre\" target=\"_self\" data-type=\"url\"  >\n\n    \n        <span class=\"button-atom__text\">R\u00e9server un toilettage<\/span>\n\n        \n        \n                <\/a>\n\n    \n\n\n<\/div>\n<\/div>\n<\/div><div class=\"bde-column-13326-109 bde-column\">\n  \n  \n\t\n\n\n\n\n<\/div><\/div><\/div>\n<\/section><section class=\"bde-section-13326-123 bde-section\">\n  \n  \n\t\n\n\n\n<div class=\"section-container\"><div class=\"bde-columns-13326-124 bde-columns\"><div class=\"bde-column-13326-125 bde-column\">\n  \n  \n\t\n\n\n\n\n<\/div><div class=\"bde-column-13326-126 bde-column\">\n  \n  \n\t\n\n\n\n<div class=\"bde-div-13326-113 bde-div\" data-entrance=\"flipUp\">\n              \n  \n  \n\t\n\n\n\n<div class=\"bde-div-13326-114 bde-div\">\n  \n  \n\t\n\n\n\n<h4 class=\"bde-heading-13326-127 bde-heading\">\nNotre approche en toilettage\n<\/h4><div class=\"bde-text-13326-110 bde-text\">\nChez Innovation Canine, le toilettage est r\u00e9alis\u00e9 avec une approche bas\u00e9e sur le comportement canin. Chaque soin est effectu\u00e9 dans un environnement calme et s\u00e9curitaire, en tenant compte du rythme et des limites de chaque chien.\n<\/div><div class=\"bde-text-13326-111 bde-text\">\nNous travaillons en d\u00e9sensibilisation progressive et adaptons les manipulations, la dur\u00e9e des s\u00e9ances et l\u2019encadrement selon le profil du chien, notamment lorsqu\u2019il est sensible, anxieux ou r\u00e9actif.\n<\/div><div class=\"bde-text-13326-112 bde-text\">\nNotre priorit\u00e9 : des soins s\u00e9curitaires, respectueux et r\u00e9alis\u00e9s avec professionnalisme.\n<\/div><div class=\"bde-button-13326-129 bde-button\">\n    \n                        \n                        \n    \n    \n    \n    \n            \n                    \n            \n            \n\n    \n    \n    \n    \n    \n    <a class=\"breakdance-link button-atom button-atom--custom bde-button__button\" href=\"#nous-joindre\" target=\"_self\" data-type=\"url\"  >\n\n    \n        <span class=\"button-atom__text\">R\u00e9server un toilettage<\/span>\n\n                            \n        \n                <\/a>\n\n    \n\n\n<\/div>\n<\/div>\n<\/div>\n<\/div><\/div><\/div>\n<\/section><section class=\"bde-section-13326-130 bde-section\">\n              \n  \n  \n\t\n\n\n\n<div class=\"section-container\"><div class=\"bde-columns-13326-131 bde-columns\"><div class=\"bde-column-13326-132 bde-column\">\n  \n  \n\t\n\n\n\n<img decoding=\"async\" class=\"bde-image2-13326-133 bde-image2\" src=\"https:\/\/innovationcanine.webici.ca\/wp-content\/uploads\/2026\/01\/Brush@1280x.png\" srcset=\"https:\/\/innovationcanine.webici.ca\/wp-content\/uploads\/2026\/01\/Brush@1280x.png 1280w, https:\/\/innovationcanine.webici.ca\/wp-content\/uploads\/2026\/01\/Brush@1280x-300x298.png 300w, https:\/\/innovationcanine.webici.ca\/wp-content\/uploads\/2026\/01\/Brush@1280x-1024x1018.png 1024w, https:\/\/innovationcanine.webici.ca\/wp-content\/uploads\/2026\/01\/Brush@1280x-150x150.png 150w, https:\/\/innovationcanine.webici.ca\/wp-content\/uploads\/2026\/01\/Brush@1280x-768x763.png 768w, https:\/\/innovationcanine.webici.ca\/wp-content\/uploads\/2026\/01\/Brush@1280x-12x12.png 12w\" sizes=\"(max-width: 1280px) 100vw, 1280px\">\n<\/div><div class=\"bde-column-13326-134 bde-column\">\n  \n  \n\t\n\n\n\n<div class=\"bde-div-13326-135 bde-div\">\n  \n  \n\t\n\n\n\n<h2 class=\"bde-heading-13326-136 bde-heading\">\nServices de toilettage\n<\/h2><h3 class=\"bde-heading-13326-137 bde-heading\">\nLes services sont adapt\u00e9s selon la taille, le type de pelage et le comportement de chaque animal.\n<\/h3>\n<\/div>\n<\/div><\/div><div class=\"bde-grid-13326-138 bde-grid\">\n  \n  \n\t\n\n\n\n<div class=\"bde-div-13326-140 bde-div\">\n              \n  \n  \n\t\n\n  <div class=\"section-background-overlay\"><\/div>\n\n\n<div class=\"bde-div-13326-141 bde-div services-text-box\">\n  \n  \n\t\n\n\n\n<h4 class=\"bde-heading-13326-142 bde-heading\">\nBain complet\n<\/h4><div class=\"bde-text-13326-143 bde-text\">\nLavage avec shampoing adapt\u00e9, s\u00e9chage, brossage, coupe de griffes et nettoyage des oreilles.\n<\/div>\n<\/div>\n<\/div><div class=\"bde-div-13326-145 bde-div\">\n              \n  \n  \n\t\n\n  <div class=\"section-background-overlay\"><\/div>\n\n\n<div class=\"bde-div-13326-146 bde-div services-text-box\">\n  \n  \n\t\n\n\n\n<h4 class=\"bde-heading-13326-147 bde-heading\">\nToilettage complet\n<\/h4><div class=\"bde-text-13326-148 bde-text\">\nBain complet incluant coupe ou tonte, selon la race et les besoins du chien.\n<\/div>\n<\/div>\n<\/div><div class=\"bde-div-13326-150 bde-div\">\n              \n  \n  \n\t\n\n  <div class=\"section-background-overlay\"><\/div>\n\n\n<div class=\"bde-div-13326-151 bde-div services-text-box\">\n  \n  \n\t\n\n\n\n<h4 class=\"bde-heading-13326-152 bde-heading\">\nTraitement contre la mue\n<\/h4><div class=\"bde-text-13326-153 bde-text\">\nBain avec produits sp\u00e9cialis\u00e9s pour r\u00e9duire la perte de poils, suivi d\u2019un brossage en profondeur.\n<\/div>\n<\/div>\n<\/div><div class=\"bde-div-13326-169 bde-div\">\n              \n  \n  \n\t\n\n  <div class=\"section-background-overlay\"><\/div>\n\n\n<div class=\"bde-div-13326-170 bde-div services-text-box\">\n  \n  \n\t\n\n\n\n<h4 class=\"bde-heading-13326-171 bde-heading\">\nCoupe de griffes\n<\/h4><div class=\"bde-text-13326-172 bde-text\">\nCoupe au coupe-griffes, suivie d\u2019un l\u00e9ger limage \u00e9lectrique.\n<\/div>\n<\/div>\n<\/div><div class=\"bde-div-13326-155 bde-div\">\n              \n  \n  \n\t\n\n  <div class=\"section-background-overlay\"><\/div>\n\n\n<div class=\"bde-div-13326-156 bde-div services-text-box\">\n  \n  \n\t\n\n\n\n<h4 class=\"bde-heading-13326-157 bde-heading\">\nNettoyage des oreilles\n<\/h4><div class=\"bde-text-13326-158 bde-text\">\nEntretien r\u00e9gulier pour aider \u00e0 pr\u00e9venir les infections et inconforts.\n<\/div>\n<\/div>\n<\/div><div class=\"bde-div-13326-174 bde-div\">\n              \n  \n  \n\t\n\n  <div class=\"section-background-overlay\"><\/div>\n\n\n<div class=\"bde-div-13326-175 bde-div services-text-box\">\n  \n  \n\t\n\n\n\n<h4 class=\"bde-heading-13326-176 bde-heading\">\nToilettage pour chats\n<\/h4><div class=\"bde-text-13326-177 bde-text\">\nTonte, coupe de griffes, brossage et shampoing sec, selon la tol\u00e9rance de l\u2019animal.\n<\/div>\n<\/div>\n<\/div>\n<\/div><div class=\"bde-div-13326-180 bde-div\">\n  \n  \n\t\n\n\n\n<div class=\"bde-text-13326-179 bde-text\">\nNotes importantes:\n<\/div><div class=\"bde-text-13326-181 bde-text\">\nLes services de toilettage sont adapt\u00e9s selon le comportement et la tol\u00e9rance de chaque animal. Pour les chiens sensibles, anxieux ou ayant v\u00e9cu de mauvaises exp\u00e9riences, les soins peuvent \u00eatre ajust\u00e9s, fractionn\u00e9s ou r\u00e9alis\u00e9s progressivement.\n<\/div><div class=\"bde-text-13326-182 bde-text\">\nLe toilettage peut \u00eatre effectu\u00e9 pendant un s\u00e9jour en pension ou sur rendez-vous \u00e0 l\u2019auberge, selon les disponibilit\u00e9s.\n<\/div>\n<\/div><div class=\"bde-button-13326-178 bde-button\">\n    \n                        \n                        \n    \n    \n    \n    \n            \n                    \n            \n            \n\n    \n    \n    \n    \n    \n    <a class=\"breakdance-link button-atom button-atom--custom bde-button__button\" href=\"#nous-joindre\" target=\"_self\" data-type=\"url\"  >\n\n    \n        <span class=\"button-atom__text\">R\u00e9server un toilettage<\/span>\n\n                            \n        \n                <\/a>\n\n    \n\n\n<\/div><\/div>\n<\/section><section class=\"bde-section-13326-183 bde-section\">\n              \n  \n  \n\t\n\n  <div class=\"section-background-overlay\"><\/div>\n\n\n<div class=\"section-container\"><div class=\"bde-columns-13326-184 bde-columns\"><div class=\"bde-column-13326-185 bde-column\">\n  \n  \n\t\n\n\n\n<div class=\"bde-div-13326-186 bde-div\">\n  \n  \n\t\n\n\n\n<h2 class=\"bde-heading-13326-187 bde-heading\">\nTarifs & modalit\u00e9s\n<\/h2><h3 class=\"bde-heading-13326-188 bde-heading\">\nLes tarifs peuvent varier selon :\n<\/h3>\n<\/div><div class=\"bde-grid-13326-206 bde-grid\">\n  \n  \n\t\n\n\n\n<div class=\"bde-div-13326-191 bde-div\" data-entrance=\"slideLeft\">\n              \n  \n  \n\t\n\n\n\n<h4 class=\"bde-heading-13326-192 bde-heading\">\nLa taille de l\u2019animal\n<\/h4>\n<\/div><div class=\"bde-div-13326-199 bde-div\" data-entrance=\"slideLeft\">\n              \n  \n  \n\t\n\n\n\n<h4 class=\"bde-heading-13326-200 bde-heading\">\nLe type de pelage\n<\/h4>\n<\/div><div class=\"bde-div-13326-207 bde-div\" data-entrance=\"slideLeft\">\n              \n  \n  \n\t\n\n\n\n<h4 class=\"bde-heading-13326-208 bde-heading\">\nL'\u00e9tat du pelage\n<\/h4>\n<\/div><div class=\"bde-div-13326-209 bde-div\" data-entrance=\"slideLeft\">\n              \n  \n  \n\t\n\n\n\n<h4 class=\"bde-heading-13326-210 bde-heading\">\nLe comportement\n<\/h4>\n<\/div><div class=\"bde-div-13326-211 bde-div\" data-entrance=\"slideLeft\">\n              \n  \n  \n\t\n\n\n\n<h4 class=\"bde-heading-13326-212 bde-heading\">\nLe temps requis\n<\/h4>\n<\/div>\n<\/div>\n<\/div><div class=\"bde-column-13326-202 bde-column\">\n  \n  \n\t\n\n\n\n<div class=\"bde-div-13326-213 bde-div\">\n  \n  \n\t\n\n\n\n<h3 class=\"bde-heading-13326-214 bde-heading\">\n\u00c0 savoir\n<\/h3><ul class=\"bde-basic-list-13326-215 bde-basic-list\">\n  <li  >    \n          Les services sont offerts selon la disponibilit\u00e9\n      <\/li>\n  <li  >    \n          Certains soins peuvent n\u00e9cessiter plus d\u2019une s\u00e9ance\n      <\/li>\n  <li  >    \n          La s\u00e9curit\u00e9 de l\u2019animal guide toujours les soins propos\u00e9s\n      <\/li>\n<\/ul>\n<\/div><div class=\"bde-button-13326-216 bde-button\" data-entrance=\"slideUp\">\n    \n                        \n                        \n    \n    \n    \n    \n            \n                    \n            \n            \n\n    \n    \n    \n    \n    \n    <a class=\"breakdance-link button-atom button-atom--primary bde-button__button\" href=\"#nous-joindre\" target=\"_self\" data-type=\"url\"  >\n\n    \n        <span class=\"button-atom__text\">R\u00e9server un toilettage<\/span>\n\n        \n        \n                <\/a>\n\n    \n\n\n<\/div>\n<\/div><\/div><\/div>\n<\/section>","protected":false},"excerpt":{"rendered":"<p>Toilettage et soins corporels Des soins r\u00e9alis\u00e9s avec respect et expertise. R\u00e9server un toilettage Notre approche en toilettage Chez Innovation Canine, le toilettage est r\u00e9alis\u00e9 avec une approche bas\u00e9e sur le comportement canin. Chaque soin est effectu\u00e9 dans un environnement calme et s\u00e9curitaire, en tenant compte du rythme et des limites de chaque chien. Nous [&hellip;]<\/p>","protected":false},"author":1,"featured_media":0,"parent":0,"menu_order":0,"comment_status":"closed","ping_status":"closed","template":"","meta":{"_acf_changed":false,"_breakdance_hide_in_design_set":false,"_breakdance_tags":"","footnotes":""},"class_list":["post-13326","page","type-page","status-publish","hentry"],"acf":[],"_links":{"self":[{"href":"https:\/\/innovationcanine.webici.ca\/en\/wp-json\/wp\/v2\/pages\/13326","targetHints":{"allow":["GET"]}}],"collection":[{"href":"https:\/\/innovationcanine.webici.ca\/en\/wp-json\/wp\/v2\/pages"}],"about":[{"href":"https:\/\/innovationcanine.webici.ca\/en\/wp-json\/wp\/v2\/types\/page"}],"author":[{"embeddable":true,"href":"https:\/\/innovationcanine.webici.ca\/en\/wp-json\/wp\/v2\/users\/1"}],"replies":[{"embeddable":true,"href":"https:\/\/innovationcanine.webici.ca\/en\/wp-json\/wp\/v2\/comments?post=13326"}],"version-history":[{"count":5,"href":"https:\/\/innovationcanine.webici.ca\/en\/wp-json\/wp\/v2\/pages\/13326\/revisions"}],"predecessor-version":[{"id":13641,"href":"https:\/\/innovationcanine.webici.ca\/en\/wp-json\/wp\/v2\/pages\/13326\/revisions\/13641"}],"wp:attachment":[{"href":"https:\/\/innovationcanine.webici.ca\/en\/wp-json\/wp\/v2\/media?parent=13326"}],"curies":[{"name":"wp","href":"https:\/\/api.w.org\/{rel}","templated":true}]}}