{"id":13398,"date":"2026-03-03T11:09:00","date_gmt":"2026-03-03T16:09:00","guid":{"rendered":"https:\/\/innovationcanine.webici.ca\/?page_id=13398"},"modified":"2026-03-06T11:51:16","modified_gmt":"2026-03-06T16:51:16","slug":"education-et-entrainement","status":"publish","type":"page","link":"https:\/\/innovationcanine.webici.ca\/en\/education-et-entrainement\/","title":{"rendered":"Education and training"},"content":{"rendered":"<section class=\"bde-section-13398-100 bde-section\">\n              \n  \n  \n\t\n\n  <div class=\"section-background-overlay\"><\/div>\n\n\n<div class=\"section-container\"><div class=\"bde-columns-13398-101 bde-columns\"><div class=\"bde-column-13398-102 bde-column\">\n  \n  \n\t\n\n\n\n<div class=\"bde-div-13398-103 bde-div\">\n  \n  \n\t\n\n\n\n<div class=\"bde-div-13398-104 bde-div\">\n  \n  \n\t\n\n\n\n<div class=\"bde-div-13398-105 bde-div\">\n  \n  \n\t\n\n\n\n<h1 class=\"bde-heading-13398-106 bde-heading\" data-entrance=\"slideRight\">\nEducation and training\n<\/h1>\n<\/div><h3 class=\"bde-heading-13398-107 bde-heading\" data-entrance=\"slideRight\">\nComprendre, guider et faire \u00e9voluer votre chien.\n<\/h3>\n<\/div><div class=\"bde-button-13398-108 bde-button\" data-entrance=\"slideUp\">\n    \n                        \n                        \n    \n    \n    \n    \n            \n                    \n            \n            \n\n    \n    \n    \n    \n    \n    <a class=\"breakdance-link button-atom button-atom--primary bde-button__button\" href=\"#nous-joindre\" target=\"_self\" data-type=\"url\"  >\n\n    \n        <span class=\"button-atom__text\">Entra\u00eener votre chien<\/span>\n\n        \n        \n                <\/a>\n\n    \n\n\n<\/div>\n<\/div>\n<\/div><div class=\"bde-column-13398-109 bde-column\">\n  \n  \n\t\n\n\n\n\n<\/div><\/div><\/div>\n<\/section><section class=\"bde-section-13398-132 bde-section\">\n              \n  \n  \n\t\n\n  <div class=\"section-background-overlay\"><\/div>\n\n\n<div class=\"section-container\"><div class=\"bde-div-13398-133 bde-div\">\n  \n  \n\t\n\n\n\n<h2 class=\"bde-heading-13398-134 bde-heading\">\nUn accompagnement adapt\u00e9 \u00e0 vos besoins\n<\/h2><h3 class=\"bde-heading-13398-135 bde-heading\">\nDes services align\u00e9s sur vos objectifs\n<\/h3>\n<\/div><div class=\"bde-columns-13398-140 bde-columns\"><div class=\"bde-column-13398-141 bde-column\">\n  \n  \n\t\n\n\n\n<h4 class=\"bde-heading-13398-144 bde-heading\">\nUne approche flexible et cibl\u00e9e\n<\/h4><div class=\"bde-text-13398-137 bde-text\">\nNos sp\u00e9cialistes offrent un accompagnement personnalis\u00e9 selon votre situation, le profil de votre chien et vos objectifs. L\u2019approche est flexible et s\u2019adapte autant \u00e0 l\u2019\u00e9ducation de base qu\u2019au travail comportemental ou sportif.\n<\/div>\n<\/div><div class=\"bde-column-13398-142 bde-column\">\n  \n  \n\t\n\n\n\n<div class=\"bde-div-13398-145 bde-div\">\n  \n  \n\t\n\n\n\n<h4 class=\"bde-heading-13398-148 bde-heading\">\nDomaines d\u2019intervention\n<\/h4><ul class=\"bde-basic-list-13398-147 bde-basic-list\">\n  <li  >    \n          \u00c9ducation de base & pr\u00e9vention\n      <\/li>\n  <li  >    \n          Modification de comportements\n      <\/li>\n  <li  >    \n          Ob\u00e9issance de base et de performance\n      <\/li>\n  <li  >    \n          Coaching en sport canin\n      <\/li>\n<\/ul>\n<\/div>\n<\/div><\/div><div class=\"bde-button-13398-139 bde-button\">\n    \n                        \n                        \n    \n    \n    \n    \n            \n                    \n            \n            \n\n    \n    \n    \n    \n    \n    <a class=\"breakdance-link button-atom button-atom--primary bde-button__button\" href=\"#nous-joindre\" target=\"_self\" data-type=\"url\"  >\n\n    \n        <span class=\"button-atom__text\">Entra\u00eener votre chien<\/span>\n\n        \n        \n                <\/a>\n\n    \n\n\n<\/div><\/div>\n<\/section><section class=\"bde-section-13398-193 bde-section\">\n              \n  \n  \n\t\n\n  <div class=\"section-background-overlay\"><\/div>\n\n\n<div class=\"section-container\"><div class=\"bde-div-13398-194 bde-div\">\n  \n  \n\t\n\n\n\n<h2 class=\"bde-heading-13398-195 bde-heading\">\nComment se d\u00e9roule l\u2019accompagnement\n<\/h2><h3 class=\"bde-heading-13398-196 bde-heading\">\nUn processus clair et structur\u00e9\n<\/h3><div class=\"bde-text-13398-199 bde-text\">\nL\u2019accompagnement d\u00e9bute par une \u00e9valuation afin de bien comprendre votre chien, votre r\u00e9alit\u00e9 et vos objectifs. Par la suite, un plan d\u2019action est \u00e9tabli et ajust\u00e9 selon l\u2019\u00e9volution.\n<\/div>\n<\/div><div class=\"de-timeline-13398-197 de-timeline\">\n\n\n\n\n\n\t\t<div class=\"de-cols\">\n  \t\t <div class=\"de-col de-date\">\n            \t    <\/div>\n \t\t <div class=\"de-line\">\n          \t<div class=\"de-dot\">\n                       \t<div class=\"de-timeline-icon\">\n            \t<svg xmlns=\"http:\/\/www.w3.org\/2000\/svg\" viewbox=\"0 0 512 512\"><!-- Font Awesome Free 5.15.1 by @fontawesome - https:\/\/fontawesome.com License - https:\/\/fontawesome.com\/license\/free (Icons: CC BY 4.0, Fonts: SIL OFL 1.1, Code: MIT License) --><path d=\"M464 32H48C21.49 32 0 53.49 0 80v352c0 26.51 21.49 48 48 48h416c26.51 0 48-21.49 48-48V80c0-26.51-21.49-48-48-48zm-6 400H54a6 6 0 0 1-6-6V86a6 6 0 0 1 6-6h404a6 6 0 0 1 6 6v340a6 6 0 0 1-6 6zm-42-92v24c0 6.627-5.373 12-12 12H204c-6.627 0-12-5.373-12-12v-24c0-6.627 5.373-12 12-12h200c6.627 0 12 5.373 12 12zm0-96v24c0 6.627-5.373 12-12 12H204c-6.627 0-12-5.373-12-12v-24c0-6.627 5.373-12 12-12h200c6.627 0 12 5.373 12 12zm0-96v24c0 6.627-5.373 12-12 12H204c-6.627 0-12-5.373-12-12v-24c0-6.627 5.373-12 12-12h200c6.627 0 12 5.373 12 12zm-252 12c0 19.882-16.118 36-36 36s-36-16.118-36-36 16.118-36 36-36 36 16.118 36 36zm0 96c0 19.882-16.118 36-36 36s-36-16.118-36-36 16.118-36 36-36 36 16.118 36 36zm0 96c0 19.882-16.118 36-36 36s-36-16.118-36-36 16.118-36 36-36 36 16.118 36 36z\"\/><\/svg>\n            <\/div>\n                       <\/div>\n          <\/div>\n       <div class=\"de-col de-content\">\n                           <div class=\"de-text-content\">\n                       <h4 class=\"de-heading\">Consultation initiale<\/h4>\n                                 <p>\u00c9valuation du chien, discussion des objectifs et premi\u00e8res pistes de travail.<\/p>\n                    <\/div>\n          \t    <\/div>\n         <\/div>\n\t\t<div class=\"de-cols\">\n  \t\t <div class=\"de-col de-date\">\n            \t    <\/div>\n \t\t <div class=\"de-line\">\n          \t<div class=\"de-dot\">\n                       \t<div class=\"de-timeline-icon\">\n            \t<svg xmlns=\"http:\/\/www.w3.org\/2000\/svg\" viewbox=\"0 0 512 512\"><!-- Font Awesome Free 5.15.1 by @fontawesome - https:\/\/fontawesome.com License - https:\/\/fontawesome.com\/license\/free (Icons: CC BY 4.0, Fonts: SIL OFL 1.1, Code: MIT License) --><path d=\"M61.77 401l17.5-20.15a19.92 19.92 0 0 0 5.07-14.19v-3.31C84.34 356 80.5 352 73 352H16a8 8 0 0 0-8 8v16a8 8 0 0 0 8 8h22.83a157.41 157.41 0 0 0-11 12.31l-5.61 7c-4 5.07-5.25 10.13-2.8 14.88l1.05 1.93c3 5.76 6.29 7.88 12.25 7.88h4.73c10.33 0 15.94 2.44 15.94 9.09 0 4.72-4.2 8.22-14.36 8.22a41.54 41.54 0 0 1-15.47-3.12c-6.49-3.88-11.74-3.5-15.6 3.12l-5.59 9.31c-3.72 6.13-3.19 11.72 2.63 15.94 7.71 4.69 20.38 9.44 37 9.44 34.16 0 48.5-22.75 48.5-44.12-.03-14.38-9.12-29.76-28.73-34.88zM496 224H176a16 16 0 0 0-16 16v32a16 16 0 0 0 16 16h320a16 16 0 0 0 16-16v-32a16 16 0 0 0-16-16zm0-160H176a16 16 0 0 0-16 16v32a16 16 0 0 0 16 16h320a16 16 0 0 0 16-16V80a16 16 0 0 0-16-16zm0 320H176a16 16 0 0 0-16 16v32a16 16 0 0 0 16 16h320a16 16 0 0 0 16-16v-32a16 16 0 0 0-16-16zM16 160h64a8 8 0 0 0 8-8v-16a8 8 0 0 0-8-8H64V40a8 8 0 0 0-8-8H32a8 8 0 0 0-7.14 4.42l-8 16A8 8 0 0 0 24 64h8v64H16a8 8 0 0 0-8 8v16a8 8 0 0 0 8 8zm-3.91 160H80a8 8 0 0 0 8-8v-16a8 8 0 0 0-8-8H41.32c3.29-10.29 48.34-18.68 48.34-56.44 0-29.06-25-39.56-44.47-39.56-21.36 0-33.8 10-40.46 18.75-4.37 5.59-3 10.84 2.8 15.37l8.58 6.88c5.61 4.56 11 2.47 16.12-2.44a13.44 13.44 0 0 1 9.46-3.84c3.33 0 9.28 1.56 9.28 8.75C51 248.19 0 257.31 0 304.59v4C0 316 5.08 320 12.09 320z\"\/><\/svg>\n            <\/div>\n                       <\/div>\n          <\/div>\n       <div class=\"de-col de-content\">\n                           <div class=\"de-text-content\">\n                       <h4 class=\"de-heading\">Plan d\u2019action personnalis\u00e9<\/h4>\n                                 <p>D\u00e9finition des priorit\u00e9s, m\u00e9thodes adapt\u00e9es et recommandations claires.<\/p>\n                    <\/div>\n          \t    <\/div>\n         <\/div>\n\t\t<div class=\"de-cols\">\n  \t\t <div class=\"de-col de-date\">\n            \t    <\/div>\n \t\t <div class=\"de-line\">\n          \t<div class=\"de-dot\">\n                       \t<div class=\"de-timeline-icon\">\n            \t<svg xmlns=\"http:\/\/www.w3.org\/2000\/svg\" id=\"icon-eye\" viewbox=\"0 0 32 32\">\n<path d=\"M16 6c-6.979 0-13.028 4.064-16 10 2.972 5.936 9.021 10 16 10s13.027-4.064 16-10c-2.972-5.936-9.021-10-16-10zM23.889 11.303c1.88 1.199 3.473 2.805 4.67 4.697-1.197 1.891-2.79 3.498-4.67 4.697-2.362 1.507-5.090 2.303-7.889 2.303s-5.527-0.796-7.889-2.303c-1.88-1.199-3.473-2.805-4.67-4.697 1.197-1.891 2.79-3.498 4.67-4.697 0.122-0.078 0.246-0.154 0.371-0.228-0.311 0.854-0.482 1.776-0.482 2.737 0 4.418 3.582 8 8 8s8-3.582 8-8c0-0.962-0.17-1.883-0.482-2.737 0.124 0.074 0.248 0.15 0.371 0.228v0zM16 13c0 1.657-1.343 3-3 3s-3-1.343-3-3 1.343-3 3-3 3 1.343 3 3z\"\/>\n<\/svg>\n            <\/div>\n                       <\/div>\n          <\/div>\n       <div class=\"de-col de-content\">\n                           <div class=\"de-text-content\">\n                       <h4 class=\"de-heading\">Suivi et ajustements<\/h4>\n                                 <p>S\u00e9ances de suivi pour progresser, corriger et adapter le travail au besoin.<\/p>\n                    <\/div>\n          \t    <\/div>\n         <\/div>\n\t\t<div class=\"de-cols\">\n  \t\t <div class=\"de-col de-date\">\n            \t    <\/div>\n \t\t <div class=\"de-line\">\n          \t<div class=\"de-dot\">\n                       \t<div class=\"de-timeline-icon\">\n            \t<svg xmlns=\"http:\/\/www.w3.org\/2000\/svg\" viewbox=\"0 0 512 512\"><!-- Font Awesome Free 5.15.1 by @fontawesome - https:\/\/fontawesome.com License - https:\/\/fontawesome.com\/license\/free (Icons: CC BY 4.0, Fonts: SIL OFL 1.1, Code: MIT License) --><path d=\"M497.9 142.1l-46.1 46.1c-4.7 4.7-12.3 4.7-17 0l-111-111c-4.7-4.7-4.7-12.3 0-17l46.1-46.1c18.7-18.7 49.1-18.7 67.9 0l60.1 60.1c18.8 18.7 18.8 49.1 0 67.9zM284.2 99.8L21.6 362.4.4 483.9c-2.9 16.4 11.4 30.6 27.8 27.8l121.5-21.3 262.6-262.6c4.7-4.7 4.7-12.3 0-17l-111-111c-4.8-4.7-12.4-4.7-17.1 0zM124.1 339.9c-5.5-5.5-5.5-14.3 0-19.8l154-154c5.5-5.5 14.3-5.5 19.8 0s5.5 14.3 0 19.8l-154 154c-5.5 5.5-14.3 5.5-19.8 0zM88 424h48v36.3l-64.5 11.3-31.1-31.1L51.7 376H88v48z\"\/><\/svg>\n            <\/div>\n                       <\/div>\n          <\/div>\n       <div class=\"de-col de-content\">\n                           <div class=\"de-text-content\">\n                       <h4 class=\"de-heading\">Options compl\u00e9mentaires<\/h4>\n                                 <p>S\u00e9ances priv\u00e9es, cours de groupe ou pension \u00e9ducative selon la situation.<\/p>\n                    <\/div>\n          \t    <\/div>\n         <\/div>\n<\/div><div class=\"bde-button-13398-198 bde-button\">\n    \n                        \n                        \n    \n    \n    \n    \n            \n                    \n            \n            \n\n    \n    \n    \n    \n    \n    <a class=\"breakdance-link button-atom button-atom--primary bde-button__button\" href=\"#nous-joindre\" target=\"_self\" data-type=\"url\"  >\n\n    \n        <span class=\"button-atom__text\">Entra\u00eener votre chien<\/span>\n\n        \n        \n                <\/a>\n\n    \n\n\n<\/div><\/div>\n<\/section><section class=\"bde-section-13398-200 bde-section\">\n              \n  \n  \n\t\n\n\n\n<div class=\"section-container\"><div class=\"bde-columns-13398-201 bde-columns\"><div class=\"bde-column-13398-202 bde-column\">\n  \n  \n\t\n\n\n\n<img decoding=\"async\" class=\"bde-image2-13398-203 bde-image2\" src=\"https:\/\/innovationcanine.webici.ca\/wp-content\/uploads\/2025\/12\/DogBoneFalling.png\" srcset=\"https:\/\/innovationcanine.webici.ca\/wp-content\/uploads\/2025\/12\/DogBoneFalling.png 1280w, https:\/\/innovationcanine.webici.ca\/wp-content\/uploads\/2025\/12\/DogBoneFalling-300x210.png 300w, https:\/\/innovationcanine.webici.ca\/wp-content\/uploads\/2025\/12\/DogBoneFalling-1024x715.png 1024w, https:\/\/innovationcanine.webici.ca\/wp-content\/uploads\/2025\/12\/DogBoneFalling-768x536.png 768w, https:\/\/innovationcanine.webici.ca\/wp-content\/uploads\/2025\/12\/DogBoneFalling-18x12.png 18w\" sizes=\"(max-width: 1280px) 100vw, 1280px\">\n<\/div><div class=\"bde-column-13398-204 bde-column\">\n  \n  \n\t\n\n\n\n<div class=\"bde-div-13398-205 bde-div\">\n  \n  \n\t\n\n\n\n<h2 class=\"bde-heading-13398-206 bde-heading\">\nFormules disponibles\n<\/h2><h3 class=\"bde-heading-13398-207 bde-heading\">\nDes options selon votre situation\n<\/h3>\n<\/div>\n<\/div><\/div><div class=\"bde-grid-13398-208 bde-grid\">\n  \n  \n\t\n\n\n\n<div class=\"bde-div-13398-210 bde-div\">\n              \n  \n  \n\t\n\n  <div class=\"section-background-overlay\"><\/div>\n\n\n<div class=\"bde-div-13398-211 bde-div services-text-box\">\n  \n  \n\t\n\n\n\n<h4 class=\"bde-heading-13398-212 bde-heading\">\nConsultation initiale\n<\/h4><div class=\"bde-text-13398-213 bde-text\">\nRencontre d\u2019\u00e9valuation permettant de comprendre votre chien, vos objectifs et de proposer un plan d\u2019action.\n<\/div>\n<\/div>\n<\/div><div class=\"bde-div-13398-215 bde-div\">\n              \n  \n  \n\t\n\n  <div class=\"section-background-overlay\"><\/div>\n\n\n<div class=\"bde-div-13398-216 bde-div services-text-box\">\n  \n  \n\t\n\n\n\n<h4 class=\"bde-heading-13398-217 bde-heading\">\nConsultations priv\u00e9es\n<\/h4><div class=\"bde-text-13398-218 bde-text\">\nS\u00e9ances individuelles ax\u00e9es sur vos besoins sp\u00e9cifiques et le suivi du travail en cours.\n<\/div>\n<\/div>\n<\/div><div class=\"bde-div-13398-220 bde-div\">\n              \n  \n  \n\t\n\n  <div class=\"section-background-overlay\"><\/div>\n\n\n<div class=\"bde-div-13398-221 bde-div services-text-box\">\n  \n  \n\t\n\n\n\n<h4 class=\"bde-heading-13398-222 bde-heading\">\nPension \u00e9ducative\n<\/h4><div class=\"bde-text-13398-223 bde-text\">\nCombinaison d\u2019h\u00e9bergement et de travail \u00e9ducatif, offerte apr\u00e8s une consultation initiale.\n<\/div>\n<\/div>\n<\/div><div class=\"bde-div-13398-225 bde-div\">\n              \n  \n  \n\t\n\n  <div class=\"section-background-overlay\"><\/div>\n\n\n<div class=\"bde-div-13398-226 bde-div services-text-box\">\n  \n  \n\t\n\n\n\n<h4 class=\"bde-heading-13398-227 bde-heading\">\nCours de groupe\n<\/h4><div class=\"bde-text-13398-228 bde-text\">\nTravail en pr\u00e9sence d\u2019autres chiens pour d\u00e9velopper les apprentissages en contexte de distractions.<br>\n<\/div>\n<\/div>\n<\/div>\n<\/div><\/div>\n<\/section>","protected":false},"excerpt":{"rendered":"<p>\u00c9ducation et entra\u00eenement Comprendre, guider et faire \u00e9voluer votre chien. Entra\u00eener votre chien Un accompagnement adapt\u00e9 \u00e0 vos besoins Des services align\u00e9s sur vos objectifs Une approche flexible et cibl\u00e9e Nos sp\u00e9cialistes offrent un accompagnement personnalis\u00e9 selon votre situation, le profil de votre chien et vos objectifs. L\u2019approche est flexible et s\u2019adapte autant \u00e0 l\u2019\u00e9ducation [&hellip;]<\/p>","protected":false},"author":1,"featured_media":0,"parent":0,"menu_order":0,"comment_status":"closed","ping_status":"closed","template":"","meta":{"_acf_changed":false,"_breakdance_hide_in_design_set":false,"_breakdance_tags":"","footnotes":""},"class_list":["post-13398","page","type-page","status-publish","hentry"],"acf":[],"_links":{"self":[{"href":"https:\/\/innovationcanine.webici.ca\/en\/wp-json\/wp\/v2\/pages\/13398","targetHints":{"allow":["GET"]}}],"collection":[{"href":"https:\/\/innovationcanine.webici.ca\/en\/wp-json\/wp\/v2\/pages"}],"about":[{"href":"https:\/\/innovationcanine.webici.ca\/en\/wp-json\/wp\/v2\/types\/page"}],"author":[{"embeddable":true,"href":"https:\/\/innovationcanine.webici.ca\/en\/wp-json\/wp\/v2\/users\/1"}],"replies":[{"embeddable":true,"href":"https:\/\/innovationcanine.webici.ca\/en\/wp-json\/wp\/v2\/comments?post=13398"}],"version-history":[{"count":5,"href":"https:\/\/innovationcanine.webici.ca\/en\/wp-json\/wp\/v2\/pages\/13398\/revisions"}],"predecessor-version":[{"id":13639,"href":"https:\/\/innovationcanine.webici.ca\/en\/wp-json\/wp\/v2\/pages\/13398\/revisions\/13639"}],"wp:attachment":[{"href":"https:\/\/innovationcanine.webici.ca\/en\/wp-json\/wp\/v2\/media?parent=13398"}],"curies":[{"name":"wp","href":"https:\/\/api.w.org\/{rel}","templated":true}]}}