{"id":13433,"date":"2026-03-03T09:18:08","date_gmt":"2026-03-03T14:18:08","guid":{"rendered":"https:\/\/innovationcanine.webici.ca\/?page_id=13433"},"modified":"2026-03-06T11:53:37","modified_gmt":"2026-03-06T16:53:37","slug":"seminaires-et-formations","status":"publish","type":"page","link":"https:\/\/innovationcanine.webici.ca\/en\/seminaires-et-formations\/","title":{"rendered":"Seminars and training"},"content":{"rendered":"<section class=\"bde-section-13433-100 bde-section\">\n              \n  \n  \n\t\n\n  <div class=\"section-background-overlay\"><\/div>\n\n\n<div class=\"section-container\"><div class=\"bde-columns-13433-101 bde-columns\"><div class=\"bde-column-13433-102 bde-column\">\n  \n  \n\t\n\n\n\n<div class=\"bde-div-13433-103 bde-div\">\n  \n  \n\t\n\n\n\n<div class=\"bde-div-13433-104 bde-div\">\n  \n  \n\t\n\n\n\n<div class=\"bde-div-13433-105 bde-div\">\n  \n  \n\t\n\n\n\n<h1 class=\"bde-heading-13433-106 bde-heading\" data-entrance=\"slideRight\">\nS\u00e9minaires et formations en comportement canin\n<\/h1>\n<\/div><h3 class=\"bde-heading-13433-107 bde-heading\" data-entrance=\"slideRight\">\nApprofondir ses connaissances et d\u00e9velopper une compr\u00e9hension concr\u00e8te du chien.\n<\/h3>\n<\/div><div class=\"bde-button-13433-108 bde-button\" data-entrance=\"slideUp\">\n    \n                        \n                        \n    \n    \n    \n    \n            \n                    \n            \n            \n\n    \n    \n    \n    \n    \n    <a class=\"breakdance-link button-atom button-atom--primary bde-button__button\" href=\"#nous-joindre\" target=\"_self\" data-type=\"url\"  >\n\n    \n        <span class=\"button-atom__text\">R\u00e9server ma place<\/span>\n\n        \n        \n                <\/a>\n\n    \n\n\n<\/div>\n<\/div>\n<\/div><div class=\"bde-column-13433-109 bde-column\">\n  \n  \n\t\n\n\n\n\n<\/div><\/div><\/div>\n<\/section><section class=\"bde-section-13433-157 bde-section\">\n              \n  \n  \n\t\n\n  <div class=\"section-background-overlay\"><\/div>\n\n\n<div class=\"section-container\"><div class=\"bde-columns-13433-165 bde-columns\"><div class=\"bde-column-13433-166 bde-column\">\n  \n  \n\t\n\n\n\n<div class=\"bde-div-13433-158 bde-div\">\n  \n  \n\t\n\n\n\n<h2 class=\"bde-heading-13433-159 bde-heading\">\nFormation longue dur\u00e9e\n<\/h2><h3 class=\"bde-heading-13433-160 bde-heading\">\nFormation en entra\u00eenement et comportement canin\n<\/h3>\n<\/div><div class=\"bde-div-13433-161 bde-div\">\n  \n  \n\t\n\n\n\n<div class=\"bde-text-13433-162 bde-text\">\nUn programme structur\u00e9 de 12 semaines destin\u00e9 aux personnes souhaitant approfondir leurs connaissances en entra\u00eenement et en comportement canin.\n<\/div><div class=\"bde-text-13433-163 bde-text\">\nLa formation s\u2019adresse aux passionn\u00e9s qui d\u00e9sirent d\u00e9velopper une compr\u00e9hension plus pouss\u00e9e du comportement et structurer leur pratique avec rigueur.\n<\/div>\n<\/div>\n<\/div><div class=\"bde-column-13433-167 bde-column\">\n  \n  \n\t\n\n\n\n<div class=\"bde-div-13433-168 bde-div\">\n  \n  \n\t\n\n\n\n<h4 class=\"bde-heading-13433-169 bde-heading\">\nElle aborde notamment :\n<\/h4><ul class=\"bde-basic-list-13433-170 bde-basic-list\">\n  <li  >    \n          Les bases du comportement canin\n      <\/li>\n  <li  >    \n          Les principes d\u2019entra\u00eenement\n      <\/li>\n  <li  >    \n          L\u2019analyse des probl\u00e9matiques\n      <\/li>\n  <li  >    \n          L\u2019application concr\u00e8te sur le terrain\n      <\/li>\n<\/ul>\n<\/div><div class=\"bde-button-13433-164 bde-button\">\n    \n                        \n                        \n    \n    \n    \n    \n            \n                    \n            \n            \n\n    \n    \n    \n    \n    \n    <a class=\"breakdance-link button-atom button-atom--primary bde-button__button\" href=\"#nous-joindre\" target=\"_self\" data-type=\"url\"  >\n\n    \n        <span class=\"button-atom__text\">R\u00e9server une formation<\/span>\n\n        \n        \n                <\/a>\n\n    \n\n\n<\/div>\n<\/div><\/div><\/div>\n<\/section><section class=\"bde-section-13433-171 bde-section\">\n              \n  \n  \n\t\n\n  <div class=\"section-background-overlay\"><\/div>\n\n\n<div class=\"section-container\"><div class=\"bde-columns-13433-172 bde-columns\"><div class=\"bde-column-13433-173 bde-column\">\n  \n  \n\t\n\n\n\n<img decoding=\"async\" class=\"bde-image2-13433-193 bde-image2\" src=\"https:\/\/innovationcanine.webici.ca\/wp-content\/uploads\/2025\/12\/479197039_633569819211442_1798683764154178051_n.jpg\" srcset=\"https:\/\/innovationcanine.webici.ca\/wp-content\/uploads\/2025\/12\/479197039_633569819211442_1798683764154178051_n.jpg 1080w, https:\/\/innovationcanine.webici.ca\/wp-content\/uploads\/2025\/12\/479197039_633569819211442_1798683764154178051_n-300x300.jpg 300w, https:\/\/innovationcanine.webici.ca\/wp-content\/uploads\/2025\/12\/479197039_633569819211442_1798683764154178051_n-1024x1024.jpg 1024w, https:\/\/innovationcanine.webici.ca\/wp-content\/uploads\/2025\/12\/479197039_633569819211442_1798683764154178051_n-150x150.jpg 150w, https:\/\/innovationcanine.webici.ca\/wp-content\/uploads\/2025\/12\/479197039_633569819211442_1798683764154178051_n-768x768.jpg 768w, https:\/\/innovationcanine.webici.ca\/wp-content\/uploads\/2025\/12\/479197039_633569819211442_1798683764154178051_n-12x12.jpg 12w\" sizes=\"(max-width: 1080px) 100vw, 1080px\">\n<\/div><div class=\"bde-column-13433-188 bde-column\">\n  \n  \n\t\n\n\n\n<div class=\"bde-div-13433-174 bde-div\">\n  \n  \n\t\n\n\n\n<h2 class=\"bde-heading-13433-175 bde-heading\">\nS\u00e9minaires\n<\/h2><h3 class=\"bde-heading-13433-176 bde-heading\">\n\u00c9v\u00e9nements ponctuels\n<\/h3>\n<\/div><div class=\"bde-text-13433-194 bde-text\">\nDes s\u00e9minaires th\u00e9matiques sont offerts \u00e0 diff\u00e9rents moments de l\u2019ann\u00e9e afin d\u2019explorer des sujets pr\u00e9cis li\u00e9s au comportement et \u00e0 l\u2019entra\u00eenement canin.\n<\/div><div class=\"bde-text-13433-195 bde-text\">\n*Les dates et th\u00e9matiques seront annonc\u00e9es prochainement.\n<\/div>\n<\/div><\/div><\/div>\n<\/section>","protected":false},"excerpt":{"rendered":"<p>S\u00e9minaires et formations en comportement canin Approfondir ses connaissances et d\u00e9velopper une compr\u00e9hension concr\u00e8te du chien. R\u00e9server ma place Formation longue dur\u00e9e Formation en entra\u00eenement et comportement canin Un programme structur\u00e9 de 12 semaines destin\u00e9 aux personnes souhaitant approfondir leurs connaissances en entra\u00eenement et en comportement canin. La formation s\u2019adresse aux passionn\u00e9s qui d\u00e9sirent d\u00e9velopper [&hellip;]<\/p>","protected":false},"author":1,"featured_media":0,"parent":0,"menu_order":0,"comment_status":"closed","ping_status":"closed","template":"","meta":{"_acf_changed":false,"_breakdance_hide_in_design_set":false,"_breakdance_tags":"","footnotes":""},"class_list":["post-13433","page","type-page","status-publish","hentry"],"acf":[],"_links":{"self":[{"href":"https:\/\/innovationcanine.webici.ca\/en\/wp-json\/wp\/v2\/pages\/13433","targetHints":{"allow":["GET"]}}],"collection":[{"href":"https:\/\/innovationcanine.webici.ca\/en\/wp-json\/wp\/v2\/pages"}],"about":[{"href":"https:\/\/innovationcanine.webici.ca\/en\/wp-json\/wp\/v2\/types\/page"}],"author":[{"embeddable":true,"href":"https:\/\/innovationcanine.webici.ca\/en\/wp-json\/wp\/v2\/users\/1"}],"replies":[{"embeddable":true,"href":"https:\/\/innovationcanine.webici.ca\/en\/wp-json\/wp\/v2\/comments?post=13433"}],"version-history":[{"count":5,"href":"https:\/\/innovationcanine.webici.ca\/en\/wp-json\/wp\/v2\/pages\/13433\/revisions"}],"predecessor-version":[{"id":13637,"href":"https:\/\/innovationcanine.webici.ca\/en\/wp-json\/wp\/v2\/pages\/13433\/revisions\/13637"}],"wp:attachment":[{"href":"https:\/\/innovationcanine.webici.ca\/en\/wp-json\/wp\/v2\/media?parent=13433"}],"curies":[{"name":"wp","href":"https:\/\/api.w.org\/{rel}","templated":true}]}}