{"id":13445,"date":"2026-03-03T11:09:51","date_gmt":"2026-03-03T16:09:51","guid":{"rendered":"https:\/\/innovationcanine.webici.ca\/?page_id=13445"},"modified":"2026-03-06T11:49:57","modified_gmt":"2026-03-06T16:49:57","slug":"a-propos","status":"publish","type":"page","link":"https:\/\/innovationcanine.webici.ca\/en\/a-propos\/","title":{"rendered":"About us"},"content":{"rendered":"<section class=\"bde-section-13445-100 bde-section\">\n              \n  \n  \n\t\n\n  <div class=\"section-background-overlay\"><\/div>\n\n\n<div class=\"section-container\"><div class=\"bde-columns-13445-101 bde-columns\"><div class=\"bde-column-13445-102 bde-column\">\n  \n  \n\t\n\n\n\n<div class=\"bde-div-13445-103 bde-div\">\n  \n  \n\t\n\n\n\n<div class=\"bde-div-13445-104 bde-div\">\n  \n  \n\t\n\n\n\n<div class=\"bde-div-13445-105 bde-div\">\n  \n  \n\t\n\n\n\n<h1 class=\"bde-heading-13445-106 bde-heading\" data-entrance=\"slideRight\">\nAbout us\n<\/h1>\n<\/div><h3 class=\"bde-heading-13445-107 bde-heading\" data-entrance=\"slideRight\">\nUne histoire de passion et d\u2019expertise.\n<\/h3><div class=\"bde-text-13445-110 bde-text\">\nInnovation Canine est n\u00e9e d\u2019un parcours profond\u00e9ment ancr\u00e9 dans le monde du chien, port\u00e9 par une passion familiale et une volont\u00e9 constante de se perfectionner.\n<\/div>\n<\/div>\n<\/div>\n<\/div><div class=\"bde-column-13445-109 bde-column\">\n  \n  \n\t\n\n\n\n\n<\/div><\/div><\/div>\n<\/section><section class=\"bde-section-13445-111 bde-section\">\n  \n  \n\t\n\n\n\n<div class=\"section-container\"><div class=\"bde-columns-13445-112 bde-columns\"><div class=\"bde-column-13445-113 bde-column\">\n  \n  \n\t\n\n\n\n\n<\/div><div class=\"bde-column-13445-114 bde-column\">\n  \n  \n\t\n\n\n\n<div class=\"bde-div-13445-115 bde-div\" data-entrance=\"flipUp\">\n              \n  \n  \n\t\n\n\n\n<div class=\"bde-div-13445-116 bde-div\">\n  \n  \n\t\n\n\n\n<h2 class=\"bde-heading-13445-117 bde-heading\">\nNotre histoire\n<\/h2><h4 class=\"bde-heading-13445-122 bde-heading\">\nUne entreprise fond\u00e9e sur l\u2019exp\u00e9rience\n<\/h4><div class=\"bde-text-13445-118 bde-text\">\nFond\u00e9e par Eva Ducasse, Innovation Canine s\u2019inscrit dans une tradition familiale du monde canin. Issue de deux parents professionnels en comportement et en entra\u00eenement, \u00e9galement \u00e9leveurs et entra\u00eeneurs d\u2019animaux pour le cin\u00e9ma, Eva a grandi au c\u0153ur de cet univers.\n<\/div><div class=\"bde-text-13445-119 bde-text\">\nD\u00e8s son jeune \u00e2ge, elle assistait aux consultations, aux cours d\u2019\u00e9ducation, aux entra\u00eenements sportifs et aux soins donn\u00e9s aux pensionnaires.\n<\/div><div class=\"bde-text-13445-123 bde-text\">\nApr\u00e8s plusieurs ann\u00e9es \u00e0 offrir elle-m\u00eame des services de pension et de consultations priv\u00e9es, elle d\u00e9cide d\u2019agrandir le projet afin de b\u00e2tir une \u00e9quipe partageant la m\u00eame rigueur, la m\u00eame passion et la m\u00eame vision.\n<\/div><div class=\"bde-text-13445-120 bde-text\">\nAujourd\u2019hui, Innovation Canine r\u00e9unit des professionnels qui unissent leurs comp\u00e9tences pour offrir une prise en charge compl\u00e8te et coh\u00e9rente.\n<\/div>\n<\/div>\n<\/div>\n<\/div><\/div><\/div>\n<\/section><section class=\"bde-section-13445-125 bde-section\">\n              \n  \n  \n\t\n\n  <div class=\"section-background-overlay\"><\/div>\n\n\n<div class=\"section-container\"><div class=\"bde-div-13445-130 bde-div\">\n  \n  \n\t\n\n\n\n<h2 class=\"bde-heading-13445-131 bde-heading\">\nMission, vision et valeurs\n<\/h2>\n<\/div><div class=\"bde-columns-13445-173 bde-columns\"><div class=\"bde-column-13445-174 bde-column\">\n  \n  \n\t\n\n\n\n<div class=\"bde-div-13445-170 bde-div\">\n  \n  \n\t\n\n\n\n<h3 class=\"bde-heading-13445-132 bde-heading\">\nNotre mission\n<\/h3><div class=\"bde-text-13445-171 bde-text\">\nOffrir \u00e0 chaque chien une exp\u00e9rience compl\u00e8te, personnalis\u00e9e et encadr\u00e9e, adapt\u00e9e \u00e0 son profil, son rythme et ses besoins r\u00e9els.\n<\/div><div class=\"bde-text-13445-187 bde-text\">\nNotre approche repose sur un travail d\u2019\u00e9quipe coh\u00e9rent et une compr\u00e9hension approfondie du comportement canin, afin d\u2019accompagner chaque chien de fa\u00e7on structur\u00e9e et respectueuse.\n<\/div>\n<\/div><div class=\"bde-div-13445-186 bde-div\">\n  \n  \n\t\n\n\n\n<h3 class=\"bde-heading-13445-184 bde-heading\">\nOur values\n<\/h3><div class=\"bde-grid-13445-133 bde-grid\">\n  \n  \n\t\n\n\n\n<div class=\"bde-div-13445-135 bde-div\">\n              \n  \n  \n\t\n\n\n\n<div class=\"bde-div-13445-136 bde-div services-text-box\">\n  \n  \n\t\n\n\n\n<h4 class=\"bde-heading-13445-137 bde-heading\">\nS\u00e9curit\u00e9 avant tout\n<\/h4><div class=\"bde-text-13445-138 bde-text\">\nGestion rigoureuse des groupes et supervision constante.\n<\/div>\n<\/div>\n<\/div><div class=\"bde-div-13445-140 bde-div\">\n              \n  \n  \n\t\n\n\n\n<div class=\"bde-div-13445-141 bde-div services-text-box\">\n  \n  \n\t\n\n\n\n<h4 class=\"bde-heading-13445-142 bde-heading\">\nRespect du chien individuel\n<\/h4><div class=\"bde-text-13445-143 bde-text\">\nChaque chien est observ\u00e9 et accompagn\u00e9 selon ses limites et sa personnalit\u00e9.\n<\/div>\n<\/div>\n<\/div><div class=\"bde-div-13445-145 bde-div\">\n              \n  \n  \n\t\n\n\n\n<div class=\"bde-div-13445-146 bde-div services-text-box\">\n  \n  \n\t\n\n\n\n<h4 class=\"bde-heading-13445-147 bde-heading\">\nTravailler avec les instincts\n<\/h4><div class=\"bde-text-13445-148 bde-text\">\nCanaliser les instincts naturels plut\u00f4t que les freiner.\n<\/div>\n<\/div>\n<\/div><div class=\"bde-div-13445-150 bde-div\">\n              \n  \n  \n\t\n\n\n\n<div class=\"bde-div-13445-151 bde-div services-text-box\">\n  \n  \n\t\n\n\n\n<h4 class=\"bde-heading-13445-152 bde-heading\">\nTransparence avec les humains\n<\/h4><div class=\"bde-text-13445-153 bde-text\">\nCommunication claire et retours honn\u00eates.\n<\/div>\n<\/div>\n<\/div><div class=\"bde-div-13445-155 bde-div\">\n              \n  \n  \n\t\n\n\n\n<div class=\"bde-div-13445-156 bde-div services-text-box\">\n  \n  \n\t\n\n\n\n<h4 class=\"bde-heading-13445-157 bde-heading\">\nFormation continue\n<\/h4><div class=\"bde-text-13445-158 bde-text\">\nToujours apprendre, \u00e9voluer et se perfectionner.\n<\/div>\n<\/div>\n<\/div>\n<\/div>\n<\/div>\n<\/div><div class=\"bde-column-13445-175 bde-column\">\n  \n  \n\t\n\n\n\n<img decoding=\"async\" class=\"bde-image2-13445-180 bde-image2\" src=\"https:\/\/innovationcanine.webici.ca\/wp-content\/uploads\/2025\/12\/482005497_1453898125960017_5311452108188135362_n.jpg\" srcset=\"https:\/\/innovationcanine.webici.ca\/wp-content\/uploads\/2025\/12\/482005497_1453898125960017_5311452108188135362_n.jpg 960w, https:\/\/innovationcanine.webici.ca\/wp-content\/uploads\/2025\/12\/482005497_1453898125960017_5311452108188135362_n-300x208.jpg 300w, https:\/\/innovationcanine.webici.ca\/wp-content\/uploads\/2025\/12\/482005497_1453898125960017_5311452108188135362_n-768x534.jpg 768w, https:\/\/innovationcanine.webici.ca\/wp-content\/uploads\/2025\/12\/482005497_1453898125960017_5311452108188135362_n-18x12.jpg 18w\" sizes=\"(max-width: 960px) 100vw, 960px\"><div class=\"bde-div-13445-176 bde-div\">\n              \n  \n  \n\t\n\n\n\n<h3 class=\"bde-heading-13445-179 bde-heading\">\nOur vision\n<\/h3><ul class=\"bde-basic-list-13445-181 bde-basic-list\">\n  <li  >    \n          D\u00e9velopper un lieu o\u00f9 les chiens peuvent se d\u00e9penser, apprendre et r\u00e9cup\u00e9rer selon leur profil\n      <\/li>\n  <li  >    \n          Continuer \u00e0 innover dans la prise en charge des chiens sportifs, r\u00e9actifs ou de travail\n      <\/li>\n  <li  >    \n          Continuer de former une \u00e9quipe engag\u00e9e et sp\u00e9cialis\u00e9e\n      <\/li>\n<\/ul>\n<\/div><div class=\"bde-button-13445-188 bde-button\">\n    \n                        \n                        \n    \n    \n    \n    \n            \n                    \n            \n            \n\n    \n    \n    \n    \n    \n    <a class=\"breakdance-link button-atom button-atom--custom bde-button__button\" href=\"#nous-joindre\" target=\"_self\" data-type=\"url\"  >\n\n    \n        <span class=\"button-atom__text\">Book a stay<\/span>\n\n                            \n        \n                <\/a>\n\n    \n\n\n<\/div>\n<\/div><\/div><\/div>\n<\/section>","protected":false},"excerpt":{"rendered":"<p>\u00c0 propos Une histoire de passion et d\u2019expertise. Innovation Canine est n\u00e9e d\u2019un parcours profond\u00e9ment ancr\u00e9 dans le monde du chien, port\u00e9 par une passion familiale et une volont\u00e9 constante de se perfectionner. Notre histoire Une entreprise fond\u00e9e sur l\u2019exp\u00e9rience Fond\u00e9e par Eva Ducasse, Innovation Canine s\u2019inscrit dans une tradition familiale du monde canin. Issue [&hellip;]<\/p>","protected":false},"author":1,"featured_media":0,"parent":0,"menu_order":0,"comment_status":"closed","ping_status":"closed","template":"","meta":{"_acf_changed":false,"_breakdance_hide_in_design_set":false,"_breakdance_tags":"","footnotes":""},"class_list":["post-13445","page","type-page","status-publish","hentry"],"acf":[],"_links":{"self":[{"href":"https:\/\/innovationcanine.webici.ca\/en\/wp-json\/wp\/v2\/pages\/13445","targetHints":{"allow":["GET"]}}],"collection":[{"href":"https:\/\/innovationcanine.webici.ca\/en\/wp-json\/wp\/v2\/pages"}],"about":[{"href":"https:\/\/innovationcanine.webici.ca\/en\/wp-json\/wp\/v2\/types\/page"}],"author":[{"embeddable":true,"href":"https:\/\/innovationcanine.webici.ca\/en\/wp-json\/wp\/v2\/users\/1"}],"replies":[{"embeddable":true,"href":"https:\/\/innovationcanine.webici.ca\/en\/wp-json\/wp\/v2\/comments?post=13445"}],"version-history":[{"count":5,"href":"https:\/\/innovationcanine.webici.ca\/en\/wp-json\/wp\/v2\/pages\/13445\/revisions"}],"predecessor-version":[{"id":13638,"href":"https:\/\/innovationcanine.webici.ca\/en\/wp-json\/wp\/v2\/pages\/13445\/revisions\/13638"}],"wp:attachment":[{"href":"https:\/\/innovationcanine.webici.ca\/en\/wp-json\/wp\/v2\/media?parent=13445"}],"curies":[{"name":"wp","href":"https:\/\/api.w.org\/{rel}","templated":true}]}}