{"id":322,"date":"2024-01-14T19:39:52","date_gmt":"2024-01-14T19:39:52","guid":{"rendered":"https:\/\/innovationcanine.webici.ca\/?page_id=322"},"modified":"2026-03-05T15:38:49","modified_gmt":"2026-03-05T20:38:49","slug":"privacy-policy","status":"publish","type":"page","link":"https:\/\/innovationcanine.webici.ca\/en\/privacy-policy\/","title":{"rendered":"Privacy policy"},"content":{"rendered":"<section class=\"bde-section-322-127 bde-section\">\n  \n  \n\t\n\n\n\n<div class=\"section-container\"><div class=\"bde-div-322-128 bde-div\">\n  \n  \n\t\n\n\n\n<h1 class=\"bde-heading-322-129 bde-heading\">\nPrivacy policy\n<\/h1><div class=\"bde-text-322-130 bde-text\">\nDerni\u00e8re mise \u00e0 jour : 04\/18\/2026\n<\/div>\n<\/div><\/div>\n<\/section><section class=\"bde-section-322-102 bde-section\">\n  \n  \n\t\n\n\n\n<div class=\"section-container\"><div class=\"bde-shortcode-322-126 bde-shortcode\"><h2>Purpose of this Privacy Policy<\/h2> <p>Innovation Canine (ci-apr\u00e8s \u201cnous\u201d ou \u201cnotre\u201d) utilise innovationcanine.ca (ci-apr\u00e8s \u201csite\u201d).<\/p> <p>The purpose of this page is to inform you of our policies regarding the collection, use and disclosure of personal information provided by site users. This privacy policy applies to the entire site and to all products and services we offer.<\/p> <p>The purpose of this privacy policy is to inform users of our site about the personal information we may collect and how it is used and managed.<\/p> <h2>Applicable laws<\/h2> <p>This policy complies with the laws set out in the Act to modernize legislative provisions respecting the protection of personal information (hereinafter Bill 25).<\/p> <p>For Canadian residents, Bill 25 governs data protection policies, regardless of where the site is located. This policy is intended to comply with Bill 25.<\/p> <h2>Consent<\/h2> <p>By using the Site, you consent to the terms of this Privacy Policy. You also consent to the collection, use and retention of information in accordance with this policy. If you do not agree to this policy, please do not use our site.<\/p> <p>Your continued use of the Site following the posting of changes to this Policy will mean that you accept those changes.<\/p> <p>The information we collect from you may be used to personalize your experience, improve customer service, process transactions and provide and improve the site. We will not collect any additional data without first informing you.<\/p> <h2>Collection and use of information<\/h2> <p>When using our site, you may be asked to provide us with certain personally identifiable information, such as your name, e-mail address, mailing address and telephone number (collectively, \"Personal Information\"). This personal information may be used to contact or identify you.<\/p> <p>However, you can visit our site anonymously.<\/p> <h3>Data log<\/h3> <p>Like most web site operators, we may collect information, also known as \"log data\", which your browser sends us each time you visit our site. This log data may contain information such as your IP address, browser type, browser version, the pages visited on our site, as well as the time and date of your visit, the time spent on these pages and other statistics.<\/p> <h3>Communication<\/h3> <p>Your personal information may be used to send you newsletters, marketing and promotional materials, and other information that may be of interest to you.<\/p> <p>You may opt-out of receiving all such communications from us by following the unsubscribe instructions included in each email we send.<\/p> <h2>Disclosure of information to third parties<\/h2> <p>We will not sell, trade or transfer your personal information to third parties without your consent, except for the express purpose of delivering the product or service you have requested. This does not include trusted third parties who assist us in operating our website, conducting our business or servicing you, provided that they agree to keep such information confidential.<\/p> <h3>Business transactions<\/h3> <p>En cas de fusion, acquisition ou vente d\u2019actifs impliquant Innovation Canine, vos informations personnelles peuvent \u00eatre transf\u00e9r\u00e9es. Nous vous informerons \u00e0 l\u2019avance de tout transfert de vos informations personnelles et celles-ci seront soumises \u00e0 une politique de confidentialit\u00e9 diff\u00e9rente le cas \u00e9ch\u00e9ant.<\/p> <h3>Disclosure when required by law<\/h3> <p>Innovation Canine peut \u00eatre amen\u00e9 \u00e0 divulguer vos renseignements personnels lorsque la loi l\u2019exige ou en cas de citation \u00e0 compara\u00eetre. Nous pourrions \u00e9galement proc\u00e9der \u00e0 une telle divulgation si nous consid\u00e9rons qu\u2019une telle action est n\u00e9cessaire pour nous conformer \u00e0 la loi et r\u00e9pondre aux demandes l\u00e9gitimes des autorit\u00e9s charg\u00e9es de l\u2019application de la loi, ou encore pour pr\u00e9server la s\u00e9curit\u00e9 et l\u2019int\u00e9grit\u00e9 de notre site.<\/p> <h2>Storage time for personal data<\/h2> <p>Personal information is not stored or retained beyond what is necessary to achieve the purposes for which it was collected.<\/p> <h2>Safety measures<\/h2> <p>We have implemented various security measures to safeguard the security of your personal information when you place an order or enter, submit, or access such information.<\/p> <p>We use a secure server to guarantee the confidentiality of your information. The credit information you provide is transmitted using SSL (Secure Socket Layer) technology and is then encrypted in the database of the payment gateway providers. Only authorized persons with special access rights to these systems are able to access them, and are required to maintain the confidentiality of the information.<\/p> <p>We do not store your personal information, such as credit cards, financial information, etc., on our servers once the transaction has been completed.<\/p> <p>The security of your personal information is important to us. That said, it is important to note that no method of transmission over the Internet or method of electronic storage is ever completely secure at 100 % . We implement appropriate and commercially accepted security measures to protect your personal information. However, we cannot guarantee absolute security.<\/p> <h2>Links to other sites<\/h2> <p>Our site may contain links to other sites which are not under our control. If you decide to click on one of these links, you will be redirected to a third-party site. We strongly recommend that you read the privacy policy of each site you visit.<\/p> <p>Innovation Canine ne peut garantir ni contr\u00f4ler le contenu, les politiques de confidentialit\u00e9 ou les pratiques des sites ou services tiers et n\u2019est donc pas responsable de ces aspects pour les sites ou services tiers.<\/p> <h2>Protection of minors<\/h2> <p>Any individual under the age of 14 is considered a minor in Canada within the meaning of the Modernization of Personal Information Protection and Electronic Documents Act.<\/p> <p>Our site is not intended for minors. We do not intentionally collect personal information from children under the age of 14. Please contact us if you are a parent or guardian and discover that your children have provided us with personal information. Upon discovery, personal information provided by anyone under the age of 14 will be immediately deleted from our servers.<\/p> <h2>Your rights as a user<\/h2> <p>You have the right to access the personal information we have collected about you at any time. You have the right to update or correct any personal information we hold about you, to the extent permitted by law.<\/p> <p>You may revoke or modify your consent to the collection of your data at any time, to the extent that this is considered acceptable and provided that you notify us within a reasonable period of time.<\/p> <h2>Modifying, deleting or contesting collected data<\/h2> <p>Si vous d\u00e9sirez que vos informations personnelles soient supprim\u00e9es ou modifi\u00e9es d\u2019une quelconque fa\u00e7on, veuillez communiquer avec notre agent responsable de la protection des renseignements personnels ici : info@innovationcanine.ca<\/p> <h2>Privacy policy online only<\/h2> <p>This online privacy policy relates only to information collected on our site, and does not extend to information collected outside of our online platform.<\/p> <h2>Changes to this privacy policy<\/h2> <p>Innovation Canine se r\u00e9serve le droit de mettre \u00e0 jour cette politique de confidentialit\u00e9 au besoin. Toute modification sera annonc\u00e9e en publiant la nouvelle politique de confidentialit\u00e9 sur notre site. Nous vous conseillons de v\u00e9rifier p\u00e9riodiquement cette politique de confidentialit\u00e9 afin de prendre connaissance d\u2019\u00e9ventuels changements.<\/p> <h2>Cookies policy<\/h2> <p>Cookies are small files containing limited amounts of data. They may include a unique, anonymous identifier. Web sites send cookies to your browser, which stores them on your computer's hard drive.<\/p> <p>Like many sites, we may use cookies to collect information. You can set your browser to refuse all cookies or to alert you when cookies are being sent. However, please note that if you choose not to accept cookies, some parts of our site may not be accessible.<\/p> <h3>Do not follow<\/h3> <p>Do Not Track\" (DNT) is a preference that you can activate on your browser. By activating \"Do not track\", you indicate to the sites you visit that you do not wish certain information about you to be collected.<\/p> <p>Innovation Canine utilise Remarketing avec Google Analytics pour diffuser des publicit\u00e9s sur des sites tiers apr\u00e8s votre visite sur notre site. Nous et nos fournisseurs tiers, tel que Google, utilisons des t\u00e9moins internes (comme les t\u00e9moins Google Analytics) et des t\u00e9moins tiers (comme les t\u00e9moins DoubleClick). Nous utilisons des t\u00e9moins dans le but d\u2019informer, d\u2019optimiser et de diffuser des annonces selon vos visites pr\u00e9c\u00e9dentes sur notre site.<\/p> <p>You can choose not to use Google Analytics for display advertising and customize ads on the Google Display Network by going to the page <a href=\"https:\/\/myadcenter.google.com\/home?sasb=true\" target=\"_blank\" rel=\"noopener\">Google Ads settings<\/a>. For visitors wishing to prevent the collection and use of their data by Google Analytics, Google also suggests installing the complementary extension <a href=\"https:\/\/tools.google.com\/dlpage\/gaoptout\" target=\"_blank\" rel=\"noopener\">Google Analytics Opt-out Browser Add-on<\/a> on their browser.<\/p> <h2>Contact us<\/h2><p>Please do not hesitate to contact us if you have any questions regarding this privacy policy.<\/p><p>Innovation Canine a nomm\u00e9 Eva Ducasse comme agent responsable de la protection des renseignements personnels. Si vous avez des questions ou pr\u00e9occupations majeures vous pouvez lui en faire part en utilisant les coordonn\u00e9es qui suivent :<\/p> Eva Ducasse<br> Propri\u00e9taire<br> 514-424-2616<br> info@innovationcanine.ca<\/p><\/div><\/div>\n<\/section>","protected":false},"excerpt":{"rendered":"<p>Politique de confidentialit\u00e9 Derni\u00e8re mise \u00e0 jour : 04\/18\/2026 But de cette politique de confidentialit\u00e9 Innovation Canine (ci-apr\u00e8s \u201cnous\u201d ou \u201cnotre\u201d) utilise innovationcanine.ca (ci-apr\u00e8s \u201csite\u201d). Cette page a pour but de vous informer sur nos politiques concernant la collecte, l\u2019utilisation et la divulgation des renseignements personnels fournis par les utilisateurs du site. Cette politique de [&hellip;]<\/p>","protected":false},"author":1,"featured_media":0,"parent":0,"menu_order":0,"comment_status":"closed","ping_status":"closed","template":"","meta":{"_acf_changed":false,"_breakdance_hide_in_design_set":false,"_breakdance_tags":"","footnotes":""},"class_list":["post-322","page","type-page","status-publish","hentry"],"acf":[],"_links":{"self":[{"href":"https:\/\/innovationcanine.webici.ca\/en\/wp-json\/wp\/v2\/pages\/322","targetHints":{"allow":["GET"]}}],"collection":[{"href":"https:\/\/innovationcanine.webici.ca\/en\/wp-json\/wp\/v2\/pages"}],"about":[{"href":"https:\/\/innovationcanine.webici.ca\/en\/wp-json\/wp\/v2\/types\/page"}],"author":[{"embeddable":true,"href":"https:\/\/innovationcanine.webici.ca\/en\/wp-json\/wp\/v2\/users\/1"}],"replies":[{"embeddable":true,"href":"https:\/\/innovationcanine.webici.ca\/en\/wp-json\/wp\/v2\/comments?post=322"}],"version-history":[{"count":5,"href":"https:\/\/innovationcanine.webici.ca\/en\/wp-json\/wp\/v2\/pages\/322\/revisions"}],"predecessor-version":[{"id":13539,"href":"https:\/\/innovationcanine.webici.ca\/en\/wp-json\/wp\/v2\/pages\/322\/revisions\/13539"}],"wp:attachment":[{"href":"https:\/\/innovationcanine.webici.ca\/en\/wp-json\/wp\/v2\/media?parent=322"}],"curies":[{"name":"wp","href":"https:\/\/api.w.org\/{rel}","templated":true}]}}