{"id":9925,"date":"2024-10-22T21:30:16","date_gmt":"2024-10-23T01:30:16","guid":{"rendered":"https:\/\/innovationcanine.webici.ca\/?page_id=9925"},"modified":"2026-03-06T11:48:58","modified_gmt":"2026-03-06T16:48:58","slug":"home","status":"publish","type":"page","link":"https:\/\/innovationcanine.webici.ca\/en\/","title":{"rendered":"Home"},"content":{"rendered":"<section id=\"accueil\" class=\"bde-section-9925-1378 bde-section\">\n              \n  \n  \n\t\n  <div class=\"breakdance-swiper-wrapper section-background-slideshow\">\n    <div class=\"swiper\">\n      <!-- Additional required wrapper -->\n      <div class=\"swiper-wrapper\">\n        <!-- Slides -->\n                  <div class=\"swiper-slide\">\n            <div class=\"swiper-slide-item\" style=\"background-image: url(https:\/\/innovationcanine.webici.ca\/wp-content\/uploads\/2025\/12\/493729588_1500912007925295_6884668519157991589_n-e1766075708276.jpg);\"><\/div>\n          <\/div>\n                  <div class=\"swiper-slide\">\n            <div class=\"swiper-slide-item\" style=\"background-image: url(https:\/\/innovationcanine.webici.ca\/wp-content\/uploads\/2025\/12\/489625281_1483035969712899_2034335213952741147_n.jpg);\"><\/div>\n          <\/div>\n                  <div class=\"swiper-slide\">\n            <div class=\"swiper-slide-item\" style=\"background-image: url(https:\/\/innovationcanine.webici.ca\/wp-content\/uploads\/2025\/12\/492345705_1501001664582996_8632073516830800378_n-e1766075866837.jpg);\"><\/div>\n          <\/div>\n                  <div class=\"swiper-slide\">\n            <div class=\"swiper-slide-item\" style=\"background-image: url(https:\/\/innovationcanine.webici.ca\/wp-content\/uploads\/2025\/12\/489426060_1483036026379560_8221931629059027694_n.jpg);\"><\/div>\n          <\/div>\n                  <div class=\"swiper-slide\">\n            <div class=\"swiper-slide-item\" style=\"background-image: url(https:\/\/innovationcanine.webici.ca\/wp-content\/uploads\/2025\/12\/487511980_1474862650530231_7859648765255789812_n.jpg);\"><\/div>\n          <\/div>\n                  <div class=\"swiper-slide\">\n            <div class=\"swiper-slide-item\" style=\"background-image: url(https:\/\/innovationcanine.webici.ca\/wp-content\/uploads\/2025\/12\/482210548_650065120895245_2594264952556894817_n.jpg);\"><\/div>\n          <\/div>\n                  <div class=\"swiper-slide\">\n            <div class=\"swiper-slide-item\" style=\"background-image: url(https:\/\/innovationcanine.webici.ca\/wp-content\/uploads\/2025\/12\/482005497_1453898125960017_5311452108188135362_n.jpg);\"><\/div>\n          <\/div>\n                  <div class=\"swiper-slide\">\n            <div class=\"swiper-slide-item\" style=\"background-image: url(https:\/\/innovationcanine.webici.ca\/wp-content\/uploads\/2025\/12\/472162253_9103347319778457_8479835032274605362_n.jpg);\"><\/div>\n          <\/div>\n              <\/div>\n    <\/div>\n  <\/div>\n\n  <div class=\"section-background-overlay\"><\/div>\n\n\n<div class=\"section-container\"><div class=\"bde-div-9925-1897 bde-div\">\n  \n  \n\t\n\n\n\n<div class=\"bde-div-9925-1882 bde-div\">\n  \n  \n\t\n\n\n\n<div class=\"bde-div-9925-1898 bde-div\">\n  \n  \n\t\n\n\n\n<div class=\"bde-div-9925-1901 bde-div\">\n  \n  \n\t\n\n\n\n<h1 class=\"bde-heading-9925-1382 bde-heading\" data-entrance=\"slideRight\">\nInnovation<br>Dog\n<\/h1><div class=\"bde-icon-9925-1902 bde-icon\" data-entrance=\"slideRight\">\n\n                \n            <div class=\"bde-icon-icon breakdance-icon-atom\" style=\"--eeiTransform: rotate(15deg);\">\n    \n                    <svg xmlns=\"http:\/\/www.w3.org\/2000\/svg\" viewbox=\"0 0 512 512\"><!-- Font Awesome Free 5.15.1 by @fontawesome - https:\/\/fontawesome.com License - https:\/\/fontawesome.com\/license\/free (Icons: CC BY 4.0, Fonts: SIL OFL 1.1, Code: MIT License) --><path d=\"M256 224c-79.41 0-192 122.76-192 200.25 0 34.9 26.81 55.75 71.74 55.75 48.84 0 81.09-25.08 120.26-25.08 39.51 0 71.85 25.08 120.26 25.08 44.93 0 71.74-20.85 71.74-55.75C448 346.76 335.41 224 256 224zm-147.28-12.61c-10.4-34.65-42.44-57.09-71.56-50.13-29.12 6.96-44.29 40.69-33.89 75.34 10.4 34.65 42.44 57.09 71.56 50.13 29.12-6.96 44.29-40.69 33.89-75.34zm84.72-20.78c30.94-8.14 46.42-49.94 34.58-93.36s-46.52-72.01-77.46-63.87-46.42 49.94-34.58 93.36c11.84 43.42 46.53 72.02 77.46 63.87zm281.39-29.34c-29.12-6.96-61.15 15.48-71.56 50.13-10.4 34.65 4.77 68.38 33.89 75.34 29.12 6.96 61.15-15.48 71.56-50.13 10.4-34.65-4.77-68.38-33.89-75.34zm-156.27 29.34c30.94 8.14 65.62-20.45 77.46-63.87 11.84-43.42-3.64-85.21-34.58-93.36s-65.62 20.45-77.46 63.87c-11.84 43.42 3.64 85.22 34.58 93.36z\"\/><\/svg>\n        \n        \n        \n            <\/div>\n    \n\n\n<\/div>\n<\/div><h3 class=\"bde-heading-9925-1894 bde-heading\" data-entrance=\"slideRight\">\nCanine lodge in nature, designed for the overall well-being of each dog.\n<\/h3>\n<\/div><div class=\"bde-button-9925-1893 bde-button\" data-entrance=\"slideUp\">\n    \n                        \n                        \n    \n    \n    \n    \n            \n                    \n            \n            \n\n    \n    \n    \n    \n    \n    <a class=\"breakdance-link button-atom button-atom--primary bde-button__button\" href=\"#nous-joindre\" target=\"_self\" data-type=\"url\"  >\n\n    \n        <span class=\"button-atom__text\">Book a stay<\/span>\n\n        \n        \n                <\/a>\n\n    \n\n\n<\/div>\n<\/div>\n<\/div><img decoding=\"async\" class=\"bde-image2-9925-1900 bde-image2\" src=\"https:\/\/innovationcanine.webici.ca\/wp-content\/uploads\/2025\/12\/PawCornerTurquoise.png\" srcset=\"https:\/\/innovationcanine.webici.ca\/wp-content\/uploads\/2025\/12\/PawCornerTurquoise.png 1280w, https:\/\/innovationcanine.webici.ca\/wp-content\/uploads\/2025\/12\/PawCornerTurquoise-300x169.png 300w, https:\/\/innovationcanine.webici.ca\/wp-content\/uploads\/2025\/12\/PawCornerTurquoise-1024x576.png 1024w, https:\/\/innovationcanine.webici.ca\/wp-content\/uploads\/2025\/12\/PawCornerTurquoise-768x432.png 768w, https:\/\/innovationcanine.webici.ca\/wp-content\/uploads\/2025\/12\/PawCornerTurquoise-18x10.png 18w\" sizes=\"(max-width: 1280px) 100vw, 1280px\"><\/div>\n<\/section><section class=\"bde-section-9925-1880 bde-section\">\n              \n  \n  \n\t\n\n  <div class=\"section-background-overlay\"><\/div>\n\n\n<div class=\"section-container\"><div class=\"bde-columns-9925-1890 bde-columns\"><div class=\"bde-column-9925-1891 bde-column\">\n  \n  \n\t\n\n\n\n<div class=\"bde-div-9925-1905 bde-div\">\n  \n  \n\t\n\n\n\n<h2 class=\"bde-heading-9925-1903 bde-heading\">\nA boarding kennel that adapts to the dog\n<\/h2><h3 class=\"bde-heading-9925-1904 bde-heading\">\nNever the other way around.\n<\/h3>\n<\/div><div class=\"bde-div-9925-1920 bde-div\">\n  \n  \n\t\n\n\n\n<div class=\"bde-div-9925-1908 bde-div\">\n  \n  \n\t\n\n\n\n<div class=\"bde-div-9925-1909 bde-div\" data-entrance=\"slideLeft\">\n  \n  \n\t\n\n\n\n<h4 class=\"bde-heading-9925-1910 bde-heading\">\nEvery dog is <span>unique<\/span>\n<\/h4><div class=\"bde-text-9925-1911 bde-text\">\nPersonality, energy, pace, and real needs guide every stay.\n<\/div>\n<\/div>\n<\/div><div class=\"bde-div-9925-1912 bde-div\">\n  \n  \n\t\n\n\n\n<div class=\"bde-div-9925-1913 bde-div\" data-entrance=\"slideRight\">\n  \n  \n\t\n\n\n\n<h4 class=\"bde-heading-9925-1914 bde-heading\">\n<span>Understand<\/span> before <span>To act<\/span>\n<\/h4><div class=\"bde-text-9925-1915 bde-text\">\nOur expertise in canine behavior guides every one of our decisions.\n<\/div>\n<\/div>\n<\/div><div class=\"bde-div-9925-1916 bde-div\">\n  \n  \n\t\n\n\n\n<div class=\"bde-div-9925-1917 bde-div\" data-entrance=\"slideLeft\">\n  \n  \n\t\n\n\n\n<h4 class=\"bde-heading-9925-1918 bde-heading\">\nRespect, safety, and kindness\n<\/h4><div class=\"bde-text-9925-1919 bde-text\">\nConsistent support in a structured and calming environment.\n<\/div>\n<\/div>\n<\/div>\n<\/div>\n<\/div><div class=\"bde-column-9925-1892 bde-column\">\n  \n  \n\t\n\n\n\n<div class=\"bde-div-9925-1889 bde-div\">\n  \n  \n\t\n\n\n\n<img decoding=\"async\" class=\"bde-image2-9925-1884 bde-image2\" src=\"https:\/\/innovationcanine.webici.ca\/wp-content\/uploads\/2025\/12\/PawDogsBrown.png\" srcset=\"https:\/\/innovationcanine.webici.ca\/wp-content\/uploads\/2025\/12\/PawDogsBrown.png 1280w, https:\/\/innovationcanine.webici.ca\/wp-content\/uploads\/2025\/12\/PawDogsBrown-300x258.png 300w, https:\/\/innovationcanine.webici.ca\/wp-content\/uploads\/2025\/12\/PawDogsBrown-1024x882.png 1024w, https:\/\/innovationcanine.webici.ca\/wp-content\/uploads\/2025\/12\/PawDogsBrown-768x661.png 768w, https:\/\/innovationcanine.webici.ca\/wp-content\/uploads\/2025\/12\/PawDogsBrown-14x12.png 14w\" sizes=\"(max-width: 1280px) 100vw, 1280px\"><div class=\"bde-button-9925-1881 bde-button\">\n    \n                        \n                        \n    \n    \n    \n    \n            \n                    \n            \n            \n\n    \n    \n    \n    \n    \n    <a class=\"breakdance-link button-atom button-atom--secondary bde-button__button\" href=\"#nous-joindre\" target=\"_self\" data-type=\"url\"  >\n\n    \n        <span class=\"button-atom__text\">Book a stay<\/span>\n\n        \n        \n                <\/a>\n\n    \n\n\n<\/div>\n<\/div>\n<\/div><\/div><\/div>\n<\/section><section class=\"bde-section-9925-1907 bde-section\">\n              \n  \n  \n\t\n\n\n\n<div class=\"section-container\"><div class=\"bde-columns-9925-1936 bde-columns\"><div class=\"bde-column-9925-1937 bde-column\">\n  \n  \n\t\n\n\n\n<img decoding=\"async\" class=\"bde-image2-9925-1931 bde-image2\" src=\"https:\/\/innovationcanine.webici.ca\/wp-content\/uploads\/2025\/12\/DogBoneFalling.png\" srcset=\"https:\/\/innovationcanine.webici.ca\/wp-content\/uploads\/2025\/12\/DogBoneFalling.png 1280w, https:\/\/innovationcanine.webici.ca\/wp-content\/uploads\/2025\/12\/DogBoneFalling-300x210.png 300w, https:\/\/innovationcanine.webici.ca\/wp-content\/uploads\/2025\/12\/DogBoneFalling-1024x715.png 1024w, https:\/\/innovationcanine.webici.ca\/wp-content\/uploads\/2025\/12\/DogBoneFalling-768x536.png 768w, https:\/\/innovationcanine.webici.ca\/wp-content\/uploads\/2025\/12\/DogBoneFalling-18x12.png 18w\" sizes=\"(max-width: 1280px) 100vw, 1280px\">\n<\/div><div class=\"bde-column-9925-1938 bde-column\">\n  \n  \n\t\n\n\n\n<div class=\"bde-div-9925-1923 bde-div\">\n  \n  \n\t\n\n\n\n<h2 class=\"bde-heading-9925-1924 bde-heading\">\nA comprehensive approach, all under one roof\n<\/h2><h3 class=\"bde-heading-9925-1925 bde-heading\">\nFor a stay perfectly suited to your dog.\n<\/h3>\n<\/div>\n<\/div><\/div><div class=\"bde-grid-9925-1926 bde-grid\">\n  \n  \n\t\n\n\n\n<a class=\"bde-container-link-9925-1954 bde-container-link breakdance-link\" href=\"\/en\/pension-multiservices\/\" target=\"_self\" data-type=\"url\" data-entrance=\"slideUp\">\n  \n  \n\t\n\n\n\n<div class=\"bde-div-9925-1932 bde-div\">\n              \n  \n  \n\t\n\n  <div class=\"section-background-overlay\"><\/div>\n\n\n<div class=\"bde-div-9925-1940 bde-div services-text-box\">\n  \n  \n\t\n\n\n\n<h4 class=\"bde-heading-9925-1939 bde-heading\">\nMultiservice pension in kind\n<\/h4><div class=\"bde-text-9925-1941 bde-text\">\nA safe stay tailored to every profile.\n<\/div>\n<\/div>\n<\/div>\n\n<\/a><a class=\"bde-container-link-9925-1955 bde-container-link breakdance-link\" href=\"\/en\/toilettage-et-soins-corporels\/\" target=\"_self\" data-type=\"url\" data-entrance=\"slideDown\">\n  \n  \n\t\n\n\n\n<div class=\"bde-div-9925-1942 bde-div\">\n              \n  \n  \n\t\n\n  <div class=\"section-background-overlay\"><\/div>\n\n\n<div class=\"bde-div-9925-1943 bde-div services-text-box\">\n  \n  \n\t\n\n\n\n<h4 class=\"bde-heading-9925-1944 bde-heading\">\nBehavioral grooming\n<\/h4><div class=\"bde-text-9925-1945 bde-text\">\nCare provided with gentleness, understanding, and respect.\n<\/div>\n<\/div>\n<\/div>\n\n<\/a><a class=\"bde-container-link-9925-1956 bde-container-link breakdance-link\" href=\"\/en\/education-et-entrainement\/\" target=\"_self\" data-type=\"url\" data-entrance=\"slideUp\">\n  \n  \n\t\n\n\n\n<div class=\"bde-div-9925-1946 bde-div\">\n              \n  \n  \n\t\n\n  <div class=\"section-background-overlay\"><\/div>\n\n\n<div class=\"bde-div-9925-1947 bde-div services-text-box\">\n  \n  \n\t\n\n\n\n<h4 class=\"bde-heading-9925-1948 bde-heading\">\nEducation and training\n<\/h4><div class=\"bde-text-9925-1949 bde-text\">\nPersonalized support according to your goals.\n<\/div>\n<\/div>\n<\/div>\n\n<\/a><a class=\"bde-container-link-9925-1957 bde-container-link breakdance-link\" href=\"\/en\/seminaires-et-formations\/\" target=\"_self\" data-type=\"url\" data-entrance=\"slideDown\">\n  \n  \n\t\n\n\n\n<div class=\"bde-div-9925-1950 bde-div\">\n              \n  \n  \n\t\n\n  <div class=\"section-background-overlay\"><\/div>\n\n\n<div class=\"bde-div-9925-1951 bde-div services-text-box\">\n  \n  \n\t\n\n\n\n<h4 class=\"bde-heading-9925-1952 bde-heading\">\nSeminars and training\n<\/h4><div class=\"bde-text-9925-1953 bde-text\">\nDeepen one's knowledge and develop one's understanding of dogs.\n<\/div>\n<\/div>\n<\/div>\n\n<\/a>\n<\/div><\/div>\n<\/section><section class=\"bde-section-9925-1959 bde-section\">\n              \n  \n  \n\t\n\n  <div class=\"section-background-overlay\"><\/div>\n\n\n<div class=\"section-container\"><div class=\"bde-columns-9925-1963 bde-columns\"><div class=\"bde-column-9925-1964 bde-column\">\n  \n  \n\t\n\n\n\n<div class=\"bde-div-9925-1960 bde-div\">\n  \n  \n\t\n\n\n\n<h2 class=\"bde-heading-9925-1961 bde-heading\">\nMuch more than a dog boarding kennel\n<\/h2><h3 class=\"bde-heading-9925-1962 bde-heading\">\nExpertise, environment, and approach that make a difference.\n<\/h3>\n<\/div><div class=\"bde-div-9925-2012 bde-div\">\n  \n  \n\t\n\n\n\n<div class=\"bde-grid-9925-1982 bde-grid\">\n  \n  \n\t\n\n\n\n<div class=\"bde-div-9925-1987 bde-div\" data-entrance=\"flipUp\">\n  \n  \n\t\n\n\n\n<div class=\"bde-div-9925-1988 bde-div\">\n  \n  \n\t\n\n\n\n<h4 class=\"bde-heading-9925-1989 bde-heading\">\nCanine behavior specialists\n<\/h4><div class=\"bde-text-9925-1990 bde-text\">\nSafe care, even for dogs with special needs.\n<\/div>\n<\/div>\n<\/div><div class=\"bde-div-9925-1995 bde-div\" data-entrance=\"flipUp\">\n  \n  \n\t\n\n\n\n<div class=\"bde-div-9925-1996 bde-div\">\n  \n  \n\t\n\n\n\n<h4 class=\"bde-heading-9925-1997 bde-heading\">\nA safe and structured boarding house\n<\/h4><div class=\"bde-text-9925-1998 bde-text\">\nRigorous group management, constant supervision, and respect for the individual dog.\n<\/div>\n<\/div>\n<\/div><div class=\"bde-div-9925-2004 bde-div\" data-entrance=\"flipUp\">\n  \n  \n\t\n\n\n\n<div class=\"bde-div-9925-2005 bde-div\">\n  \n  \n\t\n\n\n\n<h4 class=\"bde-heading-9925-2006 bde-heading\">\nOn-site complementary services\n<\/h4><div class=\"bde-text-9925-2007 bde-text\">\nBehavioral grooming, training, and personalized support.\n<\/div>\n<\/div>\n<\/div>\n<\/div><div class=\"bde-grid-9925-1999 bde-grid\">\n  \n  \n\t\n\n\n\n<div class=\"bde-div-9925-2000 bde-div\" data-entrance=\"flipUp\">\n  \n  \n\t\n\n\n\n<div class=\"bde-div-9925-2001 bde-div\">\n  \n  \n\t\n\n\n\n<h4 class=\"bde-heading-9925-2002 bde-heading\">\nStays tailored to every profile\n<\/h4><div class=\"bde-text-9925-2003 bde-text\">\nActive, sensitive, reactive, senior, or less active dogs.\n<\/div>\n<\/div>\n<\/div><div class=\"bde-div-9925-1991 bde-div\" data-entrance=\"flipUp\">\n  \n  \n\t\n\n\n\n<div class=\"bde-div-9925-1992 bde-div\">\n  \n  \n\t\n\n\n\n<h4 class=\"bde-heading-9925-1993 bde-heading\">\nAn exceptional natural environment\n<\/h4><div class=\"bde-text-9925-1994 bde-text\">\nPrivate domain, forest, trails, and lake access, summer and winter.\n<\/div>\n<\/div>\n<\/div>\n<\/div>\n<\/div>\n<\/div><div class=\"bde-column-9925-1965 bde-column\">\n  \n  \n\t\n\n\n\n<div class=\"bde-icon-9925-1980 bde-icon\">\n\n                \n            <div class=\"bde-icon-icon breakdance-icon-atom\" style=\"--eeiTransform: rotate(15deg);\">\n    \n                    <svg xmlns=\"http:\/\/www.w3.org\/2000\/svg\" viewbox=\"0 0 512 512\"><!-- Font Awesome Free 5.15.1 by @fontawesome - https:\/\/fontawesome.com License - https:\/\/fontawesome.com\/license\/free (Icons: CC BY 4.0, Fonts: SIL OFL 1.1, Code: MIT License) --><path d=\"M256 224c-79.41 0-192 122.76-192 200.25 0 34.9 26.81 55.75 71.74 55.75 48.84 0 81.09-25.08 120.26-25.08 39.51 0 71.85 25.08 120.26 25.08 44.93 0 71.74-20.85 71.74-55.75C448 346.76 335.41 224 256 224zm-147.28-12.61c-10.4-34.65-42.44-57.09-71.56-50.13-29.12 6.96-44.29 40.69-33.89 75.34 10.4 34.65 42.44 57.09 71.56 50.13 29.12-6.96 44.29-40.69 33.89-75.34zm84.72-20.78c30.94-8.14 46.42-49.94 34.58-93.36s-46.52-72.01-77.46-63.87-46.42 49.94-34.58 93.36c11.84 43.42 46.53 72.02 77.46 63.87zm281.39-29.34c-29.12-6.96-61.15 15.48-71.56 50.13-10.4 34.65 4.77 68.38 33.89 75.34 29.12 6.96 61.15-15.48 71.56-50.13 10.4-34.65-4.77-68.38-33.89-75.34zm-156.27 29.34c30.94 8.14 65.62-20.45 77.46-63.87 11.84-43.42-3.64-85.21-34.58-93.36s-65.62 20.45-77.46 63.87c-11.84 43.42 3.64 85.22 34.58 93.36z\"\/><\/svg>\n        \n        \n        \n            <\/div>\n    \n\n\n<\/div><div class=\"bde-button-9925-1981 bde-button\">\n    \n                        \n                        \n    \n    \n    \n    \n            \n                    \n            \n            \n\n    \n    \n    \n    \n    \n    <a class=\"breakdance-link button-atom button-atom--primary bde-button__button\" href=\"#nous-joindre\" target=\"_self\" data-type=\"url\"  >\n\n    \n        <span class=\"button-atom__text\">Book a stay<\/span>\n\n        \n        \n                <\/a>\n\n    \n\n\n<\/div>\n<\/div><\/div><\/div>\n<\/section><section class=\"bde-section-9925-1966 bde-section\">\n              \n  \n  \n\t\n\n  <div class=\"section-background-overlay\"><\/div>\n\n\n<div class=\"section-container\"><div class=\"bde-div-9925-2014 bde-div\">\n  \n  \n\t\n\n\n\n<h2 class=\"bde-heading-9925-2015 bde-heading\">\nThe lodge in nature\n<\/h2><h3 class=\"bde-heading-9925-2016 bde-heading\">\nA natural environment for well-being.\n<\/h3>\n<\/div><div class=\"bde-div-9925-2020 bde-div\">\n  \n  \n\t\n\n\n\n<div class=\"bde-text-9925-2017 bde-text\">\nLocated in Notre-Dame-de-la-Merci, Innovation Canine Inn is situated on a vast private estate in the heart of the forest. This exceptional natural setting allows dogs to expend energy, explore, relax, and recharge, far from stress and commotion.\n<\/div><div class=\"bde-text-9925-2018 bde-text\">\nOn-site, dogs enjoy forest trails, large fenced yards, a training field, and an indoor room suitable for year-round activities. Access to a private lake also allows for swimming and refreshing moments, depending on the chosen services.\n<\/div><div class=\"bde-text-9925-2019 bde-text\">\nEach space has been designed to offer a safe, stimulating, and respectful environment that accommodates each dog's pace.\n<\/div>\n<\/div><div class=\"bde-button-9925-2021 bde-button\">\n    \n                        \n                        \n    \n    \n    \n    \n            \n                    \n            \n            \n\n    \n    \n    \n    \n    \n    <a class=\"breakdance-link button-atom button-atom--primary bde-button__button\" href=\"#nous-joindre\" target=\"_self\" data-type=\"url\"  >\n\n    \n        <span class=\"button-atom__text\">Book a stay<\/span>\n\n        \n        \n                <\/a>\n\n    \n\n\n<\/div><\/div>\n<\/section>","protected":false},"excerpt":{"rendered":"<p>InnovationCanine Auberge canine en nature, pens\u00e9e pour le bien-\u00eatre global de chaque chien. R\u00e9server un s\u00e9jour Une pension qui s\u2019adapte au chien Jamais l\u2019inverse. Chaque chien est unique Personnalit\u00e9, \u00e9nergie, rythme et besoins r\u00e9els guident chaque s\u00e9jour. Comprendre avant d\u2019agir Notre expertise en comportement canin oriente chacune de nos d\u00e9cisions. Respect, s\u00e9curit\u00e9 et bienveillance Un [&hellip;]<\/p>","protected":false},"author":1,"featured_media":13066,"parent":0,"menu_order":0,"comment_status":"closed","ping_status":"closed","template":"","meta":{"_acf_changed":false,"_breakdance_hide_in_design_set":false,"_breakdance_tags":"","footnotes":""},"class_list":["post-9925","page","type-page","status-publish","has-post-thumbnail","hentry"],"acf":[],"_links":{"self":[{"href":"https:\/\/innovationcanine.webici.ca\/en\/wp-json\/wp\/v2\/pages\/9925","targetHints":{"allow":["GET"]}}],"collection":[{"href":"https:\/\/innovationcanine.webici.ca\/en\/wp-json\/wp\/v2\/pages"}],"about":[{"href":"https:\/\/innovationcanine.webici.ca\/en\/wp-json\/wp\/v2\/types\/page"}],"author":[{"embeddable":true,"href":"https:\/\/innovationcanine.webici.ca\/en\/wp-json\/wp\/v2\/users\/1"}],"replies":[{"embeddable":true,"href":"https:\/\/innovationcanine.webici.ca\/en\/wp-json\/wp\/v2\/comments?post=9925"}],"version-history":[{"count":5,"href":"https:\/\/innovationcanine.webici.ca\/en\/wp-json\/wp\/v2\/pages\/9925\/revisions"}],"predecessor-version":[{"id":13636,"href":"https:\/\/innovationcanine.webici.ca\/en\/wp-json\/wp\/v2\/pages\/9925\/revisions\/13636"}],"wp:featuredmedia":[{"embeddable":true,"href":"https:\/\/innovationcanine.webici.ca\/en\/wp-json\/wp\/v2\/media\/13066"}],"wp:attachment":[{"href":"https:\/\/innovationcanine.webici.ca\/en\/wp-json\/wp\/v2\/media?parent=9925"}],"curies":[{"name":"wp","href":"https:\/\/api.w.org\/{rel}","templated":true}]}}